{"id":73,"date":"2017-12-01T09:02:38","date_gmt":"2017-12-01T08:02:38","guid":{"rendered":"http:\/\/marjorie-ringenbach.com\/?page_id=73"},"modified":"2023-09-27T11:58:57","modified_gmt":"2023-09-27T09:58:57","slug":"massage-bien-etre-monde","status":"publish","type":"page","link":"https:\/\/marjorie-ringenbach.com\/?page_id=73","title":{"rendered":"Massage sur mesure"},"content":{"rendered":"<p style=\"text-align: center;\"><span style=\"font-size: 14pt; font-family: helvetica, arial, sans-serif; color: #000000;\">Je propose un massage sur mesure, adapt\u00e9 \u00e0 chacun<\/span><span style=\"font-size: 14pt; font-family: helvetica, arial, sans-serif; color: #000000;\">.<br \/>Cette prestation commence par l&rsquo;expertise de vos besoins afin d&rsquo;\u00e9tablir son protocole en vue d&rsquo;une relaxation optimale.<br \/>Les huiles de massage sont confectionn\u00e9es par mes soins<br \/>\u00e0 base d&rsquo;huiles v\u00e9g\u00e9tales et d&rsquo;huiles essentielles Bio.<\/span><\/p>\n<p style=\"text-align: center;\">30 min &#8230;&#8230;&#8230;&#8230;&#8230;&#8230;&#8230;&#8230;&#8230;&#8230;&#8230;&#8230;&#8230;&#8230;. 55 \u20ac<br \/>1h &#8230;&#8230;&#8230;&#8230;&#8230;&#8230;&#8230;&#8230;&#8230;&#8230;&#8230;&#8230;&#8230;&#8230;&#8230;&#8230;&#8230;. 75 \u20ac<br \/>1h30 &#8230;&#8230;&#8230;&#8230;&#8230;&#8230;&#8230;&#8230;&#8230;&#8230;&#8230;&#8230;&#8230;&#8230;&#8230;.. 100 \u20ac<\/p>\n<p style=\"text-align: center;\">Autre type de massage :<\/p>\n<p style=\"text-align: center;\"><a href=\"http:\/\/marjorie-ringenbach.com\/?page_id=75\">Le massage \u00e9nerg\u00e9tique\u00a0<\/a><\/p>\n\n\n<div class=\"wp-block-columns are-vertically-aligned-center is-layout-flex wp-container-core-columns-is-layout-9d6595d7 wp-block-columns-is-layout-flex\">\n<div class=\"wp-block-column is-vertically-aligned-center is-layout-flow wp-block-column-is-layout-flow\">\n<p class=\"has-text-align-center\"><\/p>\n\n\n\n<div class=\"wp-block-buttons is-content-justification-center is-layout-flex wp-container-core-buttons-is-layout-16018d1d wp-block-buttons-is-layout-flex\">\n<div class=\"wp-block-button is-style-outline is-style-outline--1\"><a class=\"wp-block-button__link has-text-align-center wp-element-button\" href=\"https:\/\/marjorie-ringenbach.com\/?page_id=119\">Prendre RDV<\/a><\/div>\n<\/div>\n<\/div>\n<\/div>\n\n\n\n\n\n<div class=\"wp-block-buttons is-layout-flex wp-block-buttons-is-layout-flex\"><\/div>\n","protected":false},"excerpt":{"rendered":"<p>Je propose un massage sur mesure, adapt\u00e9 \u00e0 chacun.Cette prestation commence par l&rsquo;expertise de vos besoins afin d&rsquo;\u00e9tablir son protocole en vue d&rsquo;une relaxation optimale.Les huiles de massage sont confectionn\u00e9es par mes soins\u00e0 base d&rsquo;huiles v\u00e9g\u00e9tales et d&rsquo;huiles essentielles Bio. 30 min &#8230;&#8230;&#8230;&#8230;&#8230;&#8230;&#8230;&#8230;&#8230;&#8230;&#8230;&#8230;&#8230;&#8230;. 55 \u20ac1h &#8230;&#8230;&#8230;&#8230;&#8230;&#8230;&#8230;&#8230;&#8230;&#8230;&#8230;&#8230;&#8230;&#8230;&#8230;&#8230;&#8230;. 75 \u20ac1h30 &#8230;&#8230;&#8230;&#8230;&#8230;&#8230;&#8230;&#8230;&#8230;&#8230;&#8230;&#8230;&#8230;&#8230;&#8230;.. 100 \u20ac Autre type de massage [&hellip;]<\/p>\n","protected":false},"author":1,"featured_media":147,"parent":63,"menu_order":0,"comment_status":"closed","ping_status":"closed","template":"","meta":{"_exactmetrics_skip_tracking":false,"_exactmetrics_sitenote_active":false,"_exactmetrics_sitenote_note":"","_exactmetrics_sitenote_category":0,"jetpack_post_was_ever_published":false,"footnotes":""},"class_list":["post-73","page","type-page","status-publish","has-post-thumbnail","hentry"],"yoast_head":"<!-- This site is optimized with the Yoast SEO plugin v23.4 - https:\/\/yoast.com\/wordpress\/plugins\/seo\/ -->\n<title>Massage sur mesure - Marjorie Ringenbach<\/title>\n<meta name=\"description\" content=\"Marjorie Ringenbach propose un massage bien-\u00eatre, adapt\u00e9 \u00e0 chacun en fonction de vos envies et\/ou de vos tensions, inspir\u00e9 des techniques Ayurv\u00e9dique, Lomi-Lomi, Californiennes et Orientales. Les huiles sont confectionn\u00e9es par mes soins \u00e0 base d&#039;huiles v\u00e9g\u00e9tales et d&#039;huiles essentielles Bio.\" \/>\n<meta name=\"robots\" content=\"index, follow, max-snippet:-1, max-image-preview:large, max-video-preview:-1\" \/>\n<link rel=\"canonical\" href=\"https:\/\/marjorie-ringenbach.com\/?page_id=73\" \/>\n<meta property=\"og:locale\" content=\"fr_FR\" \/>\n<meta property=\"og:type\" content=\"article\" \/>\n<meta property=\"og:title\" content=\"Massage sur mesure - Marjorie Ringenbach\" \/>\n<meta property=\"og:description\" content=\"Marjorie Ringenbach propose un massage bien-\u00eatre, adapt\u00e9 \u00e0 chacun en fonction de vos envies et\/ou de vos tensions, inspir\u00e9 des techniques Ayurv\u00e9dique, Lomi-Lomi, Californiennes et Orientales. Les huiles sont confectionn\u00e9es par mes soins \u00e0 base d&#039;huiles v\u00e9g\u00e9tales et d&#039;huiles essentielles Bio.\" \/>\n<meta property=\"og:url\" content=\"https:\/\/marjorie-ringenbach.com\/?page_id=73\" \/>\n<meta property=\"og:site_name\" content=\"Marjorie Ringenbach\" \/>\n<meta property=\"article:modified_time\" content=\"2023-09-27T09:58:57+00:00\" \/>\n<meta property=\"og:image\" content=\"https:\/\/marjorie-ringenbach.com\/wp-content\/uploads\/2017\/12\/love-romantic-date-candlelight-1024x683.jpg\" \/>\n\t<meta property=\"og:image:width\" content=\"1024\" \/>\n\t<meta property=\"og:image:height\" content=\"683\" \/>\n\t<meta property=\"og:image:type\" content=\"image\/jpeg\" \/>\n<meta name=\"twitter:card\" content=\"summary_large_image\" \/>\n<meta name=\"twitter:label1\" content=\"Dur\u00e9e de lecture estim\u00e9e\" \/>\n\t<meta name=\"twitter:data1\" content=\"1 minute\" \/>\n<script type=\"application\/ld+json\" class=\"yoast-schema-graph\">{\"@context\":\"https:\/\/schema.org\",\"@graph\":[{\"@type\":\"WebPage\",\"@id\":\"https:\/\/marjorie-ringenbach.com\/?page_id=73\",\"url\":\"https:\/\/marjorie-ringenbach.com\/?page_id=73\",\"name\":\"Massage sur mesure - Marjorie Ringenbach\",\"isPartOf\":{\"@id\":\"https:\/\/marjorie-ringenbach.com\/#website\"},\"primaryImageOfPage\":{\"@id\":\"https:\/\/marjorie-ringenbach.com\/?page_id=73#primaryimage\"},\"image\":{\"@id\":\"https:\/\/marjorie-ringenbach.com\/?page_id=73#primaryimage\"},\"thumbnailUrl\":\"https:\/\/i0.wp.com\/marjorie-ringenbach.com\/wp-content\/uploads\/2017\/12\/love-romantic-date-candlelight.jpg?fit=4272%2C2848&ssl=1\",\"datePublished\":\"2017-12-01T08:02:38+00:00\",\"dateModified\":\"2023-09-27T09:58:57+00:00\",\"description\":\"Marjorie Ringenbach propose un massage bien-\u00eatre, adapt\u00e9 \u00e0 chacun en fonction de vos envies et\/ou de vos tensions, inspir\u00e9 des techniques Ayurv\u00e9dique, Lomi-Lomi, Californiennes et Orientales. Les huiles sont confectionn\u00e9es par mes soins \u00e0 base d'huiles v\u00e9g\u00e9tales et d'huiles essentielles Bio.\",\"breadcrumb\":{\"@id\":\"https:\/\/marjorie-ringenbach.com\/?page_id=73#breadcrumb\"},\"inLanguage\":\"fr-FR\",\"potentialAction\":[{\"@type\":\"ReadAction\",\"target\":[\"https:\/\/marjorie-ringenbach.com\/?page_id=73\"]}]},{\"@type\":\"ImageObject\",\"inLanguage\":\"fr-FR\",\"@id\":\"https:\/\/marjorie-ringenbach.com\/?page_id=73#primaryimage\",\"url\":\"https:\/\/i0.wp.com\/marjorie-ringenbach.com\/wp-content\/uploads\/2017\/12\/love-romantic-date-candlelight.jpg?fit=4272%2C2848&ssl=1\",\"contentUrl\":\"https:\/\/i0.wp.com\/marjorie-ringenbach.com\/wp-content\/uploads\/2017\/12\/love-romantic-date-candlelight.jpg?fit=4272%2C2848&ssl=1\",\"width\":4272,\"height\":2848},{\"@type\":\"BreadcrumbList\",\"@id\":\"https:\/\/marjorie-ringenbach.com\/?page_id=73#breadcrumb\",\"itemListElement\":[{\"@type\":\"ListItem\",\"position\":1,\"name\":\"Accueil\",\"item\":\"https:\/\/marjorie-ringenbach.com\/\"},{\"@type\":\"ListItem\",\"position\":2,\"name\":\"Massages\",\"item\":\"https:\/\/marjorie-ringenbach.com\/?page_id=63\"},{\"@type\":\"ListItem\",\"position\":3,\"name\":\"Massage sur mesure\"}]},{\"@type\":\"WebSite\",\"@id\":\"https:\/\/marjorie-ringenbach.com\/#website\",\"url\":\"https:\/\/marjorie-ringenbach.com\/\",\"name\":\"Marjorie Ringenbach\",\"description\":\"\",\"potentialAction\":[{\"@type\":\"SearchAction\",\"target\":{\"@type\":\"EntryPoint\",\"urlTemplate\":\"https:\/\/marjorie-ringenbach.com\/?s={search_term_string}\"},\"query-input\":{\"@type\":\"PropertyValueSpecification\",\"valueRequired\":true,\"valueName\":\"search_term_string\"}}],\"inLanguage\":\"fr-FR\"}]}<\/script>\n<!-- \/ Yoast SEO plugin. -->","yoast_head_json":{"title":"Massage sur mesure - Marjorie Ringenbach","description":"Marjorie Ringenbach propose un massage bien-\u00eatre, adapt\u00e9 \u00e0 chacun en fonction de vos envies et\/ou de vos tensions, inspir\u00e9 des techniques Ayurv\u00e9dique, Lomi-Lomi, Californiennes et Orientales. Les huiles sont confectionn\u00e9es par mes soins \u00e0 base d'huiles v\u00e9g\u00e9tales et d'huiles essentielles Bio.","robots":{"index":"index","follow":"follow","max-snippet":"max-snippet:-1","max-image-preview":"max-image-preview:large","max-video-preview":"max-video-preview:-1"},"canonical":"https:\/\/marjorie-ringenbach.com\/?page_id=73","og_locale":"fr_FR","og_type":"article","og_title":"Massage sur mesure - Marjorie Ringenbach","og_description":"Marjorie Ringenbach propose un massage bien-\u00eatre, adapt\u00e9 \u00e0 chacun en fonction de vos envies et\/ou de vos tensions, inspir\u00e9 des techniques Ayurv\u00e9dique, Lomi-Lomi, Californiennes et Orientales. Les huiles sont confectionn\u00e9es par mes soins \u00e0 base d'huiles v\u00e9g\u00e9tales et d'huiles essentielles Bio.","og_url":"https:\/\/marjorie-ringenbach.com\/?page_id=73","og_site_name":"Marjorie Ringenbach","article_modified_time":"2023-09-27T09:58:57+00:00","og_image":[{"width":1024,"height":683,"url":"https:\/\/marjorie-ringenbach.com\/wp-content\/uploads\/2017\/12\/love-romantic-date-candlelight-1024x683.jpg","type":"image\/jpeg"}],"twitter_card":"summary_large_image","twitter_misc":{"Dur\u00e9e de lecture estim\u00e9e":"1 minute"},"schema":{"@context":"https:\/\/schema.org","@graph":[{"@type":"WebPage","@id":"https:\/\/marjorie-ringenbach.com\/?page_id=73","url":"https:\/\/marjorie-ringenbach.com\/?page_id=73","name":"Massage sur mesure - Marjorie Ringenbach","isPartOf":{"@id":"https:\/\/marjorie-ringenbach.com\/#website"},"primaryImageOfPage":{"@id":"https:\/\/marjorie-ringenbach.com\/?page_id=73#primaryimage"},"image":{"@id":"https:\/\/marjorie-ringenbach.com\/?page_id=73#primaryimage"},"thumbnailUrl":"https:\/\/i0.wp.com\/marjorie-ringenbach.com\/wp-content\/uploads\/2017\/12\/love-romantic-date-candlelight.jpg?fit=4272%2C2848&ssl=1","datePublished":"2017-12-01T08:02:38+00:00","dateModified":"2023-09-27T09:58:57+00:00","description":"Marjorie Ringenbach propose un massage bien-\u00eatre, adapt\u00e9 \u00e0 chacun en fonction de vos envies et\/ou de vos tensions, inspir\u00e9 des techniques Ayurv\u00e9dique, Lomi-Lomi, Californiennes et Orientales. Les huiles sont confectionn\u00e9es par mes soins \u00e0 base d'huiles v\u00e9g\u00e9tales et d'huiles essentielles Bio.","breadcrumb":{"@id":"https:\/\/marjorie-ringenbach.com\/?page_id=73#breadcrumb"},"inLanguage":"fr-FR","potentialAction":[{"@type":"ReadAction","target":["https:\/\/marjorie-ringenbach.com\/?page_id=73"]}]},{"@type":"ImageObject","inLanguage":"fr-FR","@id":"https:\/\/marjorie-ringenbach.com\/?page_id=73#primaryimage","url":"https:\/\/i0.wp.com\/marjorie-ringenbach.com\/wp-content\/uploads\/2017\/12\/love-romantic-date-candlelight.jpg?fit=4272%2C2848&ssl=1","contentUrl":"https:\/\/i0.wp.com\/marjorie-ringenbach.com\/wp-content\/uploads\/2017\/12\/love-romantic-date-candlelight.jpg?fit=4272%2C2848&ssl=1","width":4272,"height":2848},{"@type":"BreadcrumbList","@id":"https:\/\/marjorie-ringenbach.com\/?page_id=73#breadcrumb","itemListElement":[{"@type":"ListItem","position":1,"name":"Accueil","item":"https:\/\/marjorie-ringenbach.com\/"},{"@type":"ListItem","position":2,"name":"Massages","item":"https:\/\/marjorie-ringenbach.com\/?page_id=63"},{"@type":"ListItem","position":3,"name":"Massage sur mesure"}]},{"@type":"WebSite","@id":"https:\/\/marjorie-ringenbach.com\/#website","url":"https:\/\/marjorie-ringenbach.com\/","name":"Marjorie Ringenbach","description":"","potentialAction":[{"@type":"SearchAction","target":{"@type":"EntryPoint","urlTemplate":"https:\/\/marjorie-ringenbach.com\/?s={search_term_string}"},"query-input":{"@type":"PropertyValueSpecification","valueRequired":true,"valueName":"search_term_string"}}],"inLanguage":"fr-FR"}]}},"jetpack_sharing_enabled":true,"jetpack_shortlink":"https:\/\/wp.me\/P9twVd-1b","jetpack_likes_enabled":true,"_links":{"self":[{"href":"https:\/\/marjorie-ringenbach.com\/index.php?rest_route=\/wp\/v2\/pages\/73","targetHints":{"allow":["GET"]}}],"collection":[{"href":"https:\/\/marjorie-ringenbach.com\/index.php?rest_route=\/wp\/v2\/pages"}],"about":[{"href":"https:\/\/marjorie-ringenbach.com\/index.php?rest_route=\/wp\/v2\/types\/page"}],"author":[{"embeddable":true,"href":"https:\/\/marjorie-ringenbach.com\/index.php?rest_route=\/wp\/v2\/users\/1"}],"replies":[{"embeddable":true,"href":"https:\/\/marjorie-ringenbach.com\/index.php?rest_route=%2Fwp%2Fv2%2Fcomments&post=73"}],"version-history":[{"count":36,"href":"https:\/\/marjorie-ringenbach.com\/index.php?rest_route=\/wp\/v2\/pages\/73\/revisions"}],"predecessor-version":[{"id":907,"href":"https:\/\/marjorie-ringenbach.com\/index.php?rest_route=\/wp\/v2\/pages\/73\/revisions\/907"}],"up":[{"embeddable":true,"href":"https:\/\/marjorie-ringenbach.com\/index.php?rest_route=\/wp\/v2\/pages\/63"}],"wp:featuredmedia":[{"embeddable":true,"href":"https:\/\/marjorie-ringenbach.com\/index.php?rest_route=\/wp\/v2\/media\/147"}],"wp:attachment":[{"href":"https:\/\/marjorie-ringenbach.com\/index.php?rest_route=%2Fwp%2Fv2%2Fmedia&parent=73"}],"curies":[{"name":"wp","href":"https:\/\/api.w.org\/{rel}","templated":true}]}}