{"id":75,"date":"2017-12-01T09:03:25","date_gmt":"2017-12-01T08:03:25","guid":{"rendered":"http:\/\/marjorie-ringenbach.com\/?page_id=75"},"modified":"2023-09-27T12:00:16","modified_gmt":"2023-09-27T10:00:16","slug":"massage-energetique","status":"publish","type":"page","link":"https:\/\/marjorie-ringenbach.com\/?page_id=75","title":{"rendered":"Massage \u00e9nerg\u00e9tique"},"content":{"rendered":"<p style=\"text-align: center;\"><span style=\"font-family: helvetica, arial, sans-serif;\">Ce massage rassemble les bienfaits du soin \u00e9nerg\u00e9tique et du massage.<\/span><br \/><span style=\"font-family: helvetica, arial, sans-serif;\"> C&rsquo;est \u00e0 mon sens la m\u00e9thode la plus compl\u00e8te et la plus efficace pour avoir<br \/><\/span><span style=\"font-family: helvetica, arial, sans-serif;\">des r\u00e9sultats concrets au niveau de votre mieux \u00eatre.<\/span><\/p>\n<p style=\"text-align: center;\">30 min &#8230;&#8230;&#8230;&#8230;&#8230;&#8230;&#8230;&#8230;&#8230;&#8230;&#8230;&#8230;&#8230;&#8230;.. 50 \u20ac<br \/>1h &#8230;&#8230;&#8230;&#8230;&#8230;&#8230;&#8230;&#8230;&#8230;&#8230;&#8230;&#8230;&#8230;&#8230;&#8230;&#8230; 70 \u20ac<br \/>1h30 &#8230;&#8230;&#8230;&#8230;&#8230;&#8230;&#8230;&#8230;&#8230;&#8230;&#8230;&#8230;&#8230;&#8230;&#8230;. 95 \u20ac<\/p>\n<p style=\"text-align: center;\">Autre soin similaire :<\/p>\n<p style=\"text-align: center;\"><a href=\"http:\/\/marjorie-ringenbach.com\/?page_id=77\">Soin \u00e9nerg\u00e9tique<\/a><\/p>\n\n\n<div class=\"wp-block-buttons is-content-justification-center is-layout-flex wp-container-core-buttons-is-layout-16018d1d wp-block-buttons-is-layout-flex\">\n<div class=\"wp-block-button is-style-outline is-style-outline--1\"><a class=\"wp-block-button__link has-text-align-center wp-element-button\" href=\"https:\/\/marjorie-ringenbach.com\/?page_id=119\">Prendre RDV<\/a><\/div>\n<\/div>\n","protected":false},"excerpt":{"rendered":"<p>Ce massage rassemble les bienfaits du soin \u00e9nerg\u00e9tique et du massage. C&rsquo;est \u00e0 mon sens la m\u00e9thode la plus compl\u00e8te et la plus efficace pour avoirdes r\u00e9sultats concrets au niveau de votre mieux \u00eatre. 30 min &#8230;&#8230;&#8230;&#8230;&#8230;&#8230;&#8230;&#8230;&#8230;&#8230;&#8230;&#8230;&#8230;&#8230;.. 50 \u20ac1h &#8230;&#8230;&#8230;&#8230;&#8230;&#8230;&#8230;&#8230;&#8230;&#8230;&#8230;&#8230;&#8230;&#8230;&#8230;&#8230; 70 \u20ac1h30 &#8230;&#8230;&#8230;&#8230;&#8230;&#8230;&#8230;&#8230;&#8230;&#8230;&#8230;&#8230;&#8230;&#8230;&#8230;. 95 \u20ac Autre soin similaire : Soin \u00e9nerg\u00e9tique<\/p>\n","protected":false},"author":1,"featured_media":9,"parent":63,"menu_order":0,"comment_status":"closed","ping_status":"closed","template":"","meta":{"_exactmetrics_skip_tracking":false,"_exactmetrics_sitenote_active":false,"_exactmetrics_sitenote_note":"","_exactmetrics_sitenote_category":0,"jetpack_post_was_ever_published":false,"footnotes":""},"class_list":["post-75","page","type-page","status-publish","has-post-thumbnail","hentry"],"yoast_head":"<!-- This site is optimized with the Yoast SEO plugin v23.4 - https:\/\/yoast.com\/wordpress\/plugins\/seo\/ -->\n<title>Massage \u00e9nerg\u00e9tique - Marjorie Ringenbach<\/title>\n<meta name=\"description\" content=\"Le massage \u00e9nerg\u00e9tique rassemble les bienfaits du soin \u00e9nerg\u00e9tique et du massage. C&#039;est \u00e0 mon sens la m\u00e9thode la plus compl\u00e8te et la plus efficace pour avoir des r\u00e9sultats concrets au niveau de votre mieux \u00eatre.\" \/>\n<meta name=\"robots\" content=\"index, follow, max-snippet:-1, max-image-preview:large, max-video-preview:-1\" \/>\n<link rel=\"canonical\" href=\"https:\/\/marjorie-ringenbach.com\/?page_id=75\" \/>\n<meta property=\"og:locale\" content=\"fr_FR\" \/>\n<meta property=\"og:type\" content=\"article\" \/>\n<meta property=\"og:title\" content=\"Massage \u00e9nerg\u00e9tique - Marjorie Ringenbach\" \/>\n<meta property=\"og:description\" content=\"Le massage \u00e9nerg\u00e9tique rassemble les bienfaits du soin \u00e9nerg\u00e9tique et du massage. C&#039;est \u00e0 mon sens la m\u00e9thode la plus compl\u00e8te et la plus efficace pour avoir des r\u00e9sultats concrets au niveau de votre mieux \u00eatre.\" \/>\n<meta property=\"og:url\" content=\"https:\/\/marjorie-ringenbach.com\/?page_id=75\" \/>\n<meta property=\"og:site_name\" content=\"Marjorie Ringenbach\" \/>\n<meta property=\"article:modified_time\" content=\"2023-09-27T10:00:16+00:00\" \/>\n<meta property=\"og:image\" content=\"https:\/\/marjorie-ringenbach.com\/wp-content\/uploads\/2017\/11\/IMG_2623.jpg\" \/>\n\t<meta property=\"og:image:width\" content=\"4288\" \/>\n\t<meta property=\"og:image:height\" content=\"2848\" \/>\n\t<meta property=\"og:image:type\" content=\"image\/jpeg\" \/>\n<meta name=\"twitter:card\" content=\"summary_large_image\" \/>\n<meta name=\"twitter:label1\" content=\"Dur\u00e9e de lecture estim\u00e9e\" \/>\n\t<meta name=\"twitter:data1\" content=\"1 minute\" \/>\n<script type=\"application\/ld+json\" class=\"yoast-schema-graph\">{\"@context\":\"https:\/\/schema.org\",\"@graph\":[{\"@type\":\"WebPage\",\"@id\":\"https:\/\/marjorie-ringenbach.com\/?page_id=75\",\"url\":\"https:\/\/marjorie-ringenbach.com\/?page_id=75\",\"name\":\"Massage \u00e9nerg\u00e9tique - Marjorie Ringenbach\",\"isPartOf\":{\"@id\":\"https:\/\/marjorie-ringenbach.com\/#website\"},\"primaryImageOfPage\":{\"@id\":\"https:\/\/marjorie-ringenbach.com\/?page_id=75#primaryimage\"},\"image\":{\"@id\":\"https:\/\/marjorie-ringenbach.com\/?page_id=75#primaryimage\"},\"thumbnailUrl\":\"https:\/\/i0.wp.com\/marjorie-ringenbach.com\/wp-content\/uploads\/2017\/11\/IMG_2623.jpg?fit=4288%2C2848&ssl=1\",\"datePublished\":\"2017-12-01T08:03:25+00:00\",\"dateModified\":\"2023-09-27T10:00:16+00:00\",\"description\":\"Le massage \u00e9nerg\u00e9tique rassemble les bienfaits du soin \u00e9nerg\u00e9tique et du massage. C'est \u00e0 mon sens la m\u00e9thode la plus compl\u00e8te et la plus efficace pour avoir des r\u00e9sultats concrets au niveau de votre mieux \u00eatre.\",\"breadcrumb\":{\"@id\":\"https:\/\/marjorie-ringenbach.com\/?page_id=75#breadcrumb\"},\"inLanguage\":\"fr-FR\",\"potentialAction\":[{\"@type\":\"ReadAction\",\"target\":[\"https:\/\/marjorie-ringenbach.com\/?page_id=75\"]}]},{\"@type\":\"ImageObject\",\"inLanguage\":\"fr-FR\",\"@id\":\"https:\/\/marjorie-ringenbach.com\/?page_id=75#primaryimage\",\"url\":\"https:\/\/i0.wp.com\/marjorie-ringenbach.com\/wp-content\/uploads\/2017\/11\/IMG_2623.jpg?fit=4288%2C2848&ssl=1\",\"contentUrl\":\"https:\/\/i0.wp.com\/marjorie-ringenbach.com\/wp-content\/uploads\/2017\/11\/IMG_2623.jpg?fit=4288%2C2848&ssl=1\",\"width\":4288,\"height\":2848},{\"@type\":\"BreadcrumbList\",\"@id\":\"https:\/\/marjorie-ringenbach.com\/?page_id=75#breadcrumb\",\"itemListElement\":[{\"@type\":\"ListItem\",\"position\":1,\"name\":\"Accueil\",\"item\":\"https:\/\/marjorie-ringenbach.com\/\"},{\"@type\":\"ListItem\",\"position\":2,\"name\":\"Massages\",\"item\":\"https:\/\/marjorie-ringenbach.com\/?page_id=63\"},{\"@type\":\"ListItem\",\"position\":3,\"name\":\"Massage \u00e9nerg\u00e9tique\"}]},{\"@type\":\"WebSite\",\"@id\":\"https:\/\/marjorie-ringenbach.com\/#website\",\"url\":\"https:\/\/marjorie-ringenbach.com\/\",\"name\":\"Marjorie Ringenbach\",\"description\":\"\",\"potentialAction\":[{\"@type\":\"SearchAction\",\"target\":{\"@type\":\"EntryPoint\",\"urlTemplate\":\"https:\/\/marjorie-ringenbach.com\/?s={search_term_string}\"},\"query-input\":{\"@type\":\"PropertyValueSpecification\",\"valueRequired\":true,\"valueName\":\"search_term_string\"}}],\"inLanguage\":\"fr-FR\"}]}<\/script>\n<!-- \/ Yoast SEO plugin. -->","yoast_head_json":{"title":"Massage \u00e9nerg\u00e9tique - Marjorie Ringenbach","description":"Le massage \u00e9nerg\u00e9tique rassemble les bienfaits du soin \u00e9nerg\u00e9tique et du massage. C'est \u00e0 mon sens la m\u00e9thode la plus compl\u00e8te et la plus efficace pour avoir des r\u00e9sultats concrets au niveau de votre mieux \u00eatre.","robots":{"index":"index","follow":"follow","max-snippet":"max-snippet:-1","max-image-preview":"max-image-preview:large","max-video-preview":"max-video-preview:-1"},"canonical":"https:\/\/marjorie-ringenbach.com\/?page_id=75","og_locale":"fr_FR","og_type":"article","og_title":"Massage \u00e9nerg\u00e9tique - Marjorie Ringenbach","og_description":"Le massage \u00e9nerg\u00e9tique rassemble les bienfaits du soin \u00e9nerg\u00e9tique et du massage. C'est \u00e0 mon sens la m\u00e9thode la plus compl\u00e8te et la plus efficace pour avoir des r\u00e9sultats concrets au niveau de votre mieux \u00eatre.","og_url":"https:\/\/marjorie-ringenbach.com\/?page_id=75","og_site_name":"Marjorie Ringenbach","article_modified_time":"2023-09-27T10:00:16+00:00","og_image":[{"width":4288,"height":2848,"url":"https:\/\/marjorie-ringenbach.com\/wp-content\/uploads\/2017\/11\/IMG_2623.jpg","type":"image\/jpeg"}],"twitter_card":"summary_large_image","twitter_misc":{"Dur\u00e9e de lecture estim\u00e9e":"1 minute"},"schema":{"@context":"https:\/\/schema.org","@graph":[{"@type":"WebPage","@id":"https:\/\/marjorie-ringenbach.com\/?page_id=75","url":"https:\/\/marjorie-ringenbach.com\/?page_id=75","name":"Massage \u00e9nerg\u00e9tique - Marjorie Ringenbach","isPartOf":{"@id":"https:\/\/marjorie-ringenbach.com\/#website"},"primaryImageOfPage":{"@id":"https:\/\/marjorie-ringenbach.com\/?page_id=75#primaryimage"},"image":{"@id":"https:\/\/marjorie-ringenbach.com\/?page_id=75#primaryimage"},"thumbnailUrl":"https:\/\/i0.wp.com\/marjorie-ringenbach.com\/wp-content\/uploads\/2017\/11\/IMG_2623.jpg?fit=4288%2C2848&ssl=1","datePublished":"2017-12-01T08:03:25+00:00","dateModified":"2023-09-27T10:00:16+00:00","description":"Le massage \u00e9nerg\u00e9tique rassemble les bienfaits du soin \u00e9nerg\u00e9tique et du massage. C'est \u00e0 mon sens la m\u00e9thode la plus compl\u00e8te et la plus efficace pour avoir des r\u00e9sultats concrets au niveau de votre mieux \u00eatre.","breadcrumb":{"@id":"https:\/\/marjorie-ringenbach.com\/?page_id=75#breadcrumb"},"inLanguage":"fr-FR","potentialAction":[{"@type":"ReadAction","target":["https:\/\/marjorie-ringenbach.com\/?page_id=75"]}]},{"@type":"ImageObject","inLanguage":"fr-FR","@id":"https:\/\/marjorie-ringenbach.com\/?page_id=75#primaryimage","url":"https:\/\/i0.wp.com\/marjorie-ringenbach.com\/wp-content\/uploads\/2017\/11\/IMG_2623.jpg?fit=4288%2C2848&ssl=1","contentUrl":"https:\/\/i0.wp.com\/marjorie-ringenbach.com\/wp-content\/uploads\/2017\/11\/IMG_2623.jpg?fit=4288%2C2848&ssl=1","width":4288,"height":2848},{"@type":"BreadcrumbList","@id":"https:\/\/marjorie-ringenbach.com\/?page_id=75#breadcrumb","itemListElement":[{"@type":"ListItem","position":1,"name":"Accueil","item":"https:\/\/marjorie-ringenbach.com\/"},{"@type":"ListItem","position":2,"name":"Massages","item":"https:\/\/marjorie-ringenbach.com\/?page_id=63"},{"@type":"ListItem","position":3,"name":"Massage \u00e9nerg\u00e9tique"}]},{"@type":"WebSite","@id":"https:\/\/marjorie-ringenbach.com\/#website","url":"https:\/\/marjorie-ringenbach.com\/","name":"Marjorie Ringenbach","description":"","potentialAction":[{"@type":"SearchAction","target":{"@type":"EntryPoint","urlTemplate":"https:\/\/marjorie-ringenbach.com\/?s={search_term_string}"},"query-input":{"@type":"PropertyValueSpecification","valueRequired":true,"valueName":"search_term_string"}}],"inLanguage":"fr-FR"}]}},"jetpack_sharing_enabled":true,"jetpack_shortlink":"https:\/\/wp.me\/P9twVd-1d","jetpack_likes_enabled":true,"_links":{"self":[{"href":"https:\/\/marjorie-ringenbach.com\/index.php?rest_route=\/wp\/v2\/pages\/75","targetHints":{"allow":["GET"]}}],"collection":[{"href":"https:\/\/marjorie-ringenbach.com\/index.php?rest_route=\/wp\/v2\/pages"}],"about":[{"href":"https:\/\/marjorie-ringenbach.com\/index.php?rest_route=\/wp\/v2\/types\/page"}],"author":[{"embeddable":true,"href":"https:\/\/marjorie-ringenbach.com\/index.php?rest_route=\/wp\/v2\/users\/1"}],"replies":[{"embeddable":true,"href":"https:\/\/marjorie-ringenbach.com\/index.php?rest_route=%2Fwp%2Fv2%2Fcomments&post=75"}],"version-history":[{"count":14,"href":"https:\/\/marjorie-ringenbach.com\/index.php?rest_route=\/wp\/v2\/pages\/75\/revisions"}],"predecessor-version":[{"id":1076,"href":"https:\/\/marjorie-ringenbach.com\/index.php?rest_route=\/wp\/v2\/pages\/75\/revisions\/1076"}],"up":[{"embeddable":true,"href":"https:\/\/marjorie-ringenbach.com\/index.php?rest_route=\/wp\/v2\/pages\/63"}],"wp:featuredmedia":[{"embeddable":true,"href":"https:\/\/marjorie-ringenbach.com\/index.php?rest_route=\/wp\/v2\/media\/9"}],"wp:attachment":[{"href":"https:\/\/marjorie-ringenbach.com\/index.php?rest_route=%2Fwp%2Fv2%2Fmedia&parent=75"}],"curies":[{"name":"wp","href":"https:\/\/api.w.org\/{rel}","templated":true}]}}