{"id":77,"date":"2017-12-01T09:03:46","date_gmt":"2017-12-01T08:03:46","guid":{"rendered":"http:\/\/marjorie-ringenbach.com\/?page_id=77"},"modified":"2023-09-27T11:59:41","modified_gmt":"2023-09-27T09:59:41","slug":"soin-energetique","status":"publish","type":"page","link":"https:\/\/marjorie-ringenbach.com\/?page_id=77","title":{"rendered":"Soin \u00e9nerg\u00e9tique"},"content":{"rendered":"<p style=\"text-align: center;\"><span style=\"font-family: helvetica, arial, sans-serif; font-size: 14pt;\">Ce soin\u00a0 \u00e9nerg\u00e9tique vous permettra de retrouver une harmonie physique<br \/>et d&rsquo;apaiser la sph\u00e8re mentale. Pour ce faire j&rsquo;utiliserai la transmission d&rsquo;\u00e9nergie vibratoire par imposition des mains,<br \/>l&rsquo;aromath\u00e9rapie \u00e9nerg\u00e9tique, l&rsquo;olfactoth\u00e9rapie, les fleurs de Bach et la lithoth\u00e9rapie.<\/span><br \/><span style=\"font-family: helvetica, arial, sans-serif; font-size: 14pt;\"> Une cure de 3 s\u00e9ances, \u00e0 raison d&rsquo;une s\u00e9ance toutes les trois semaines, est recommand\u00e9e pour obtenir un r\u00e9sultat profond et durable.<\/span><br \/>\u200b<br \/>1h &#8230;&#8230;&#8230;&#8230;&#8230;&#8230;&#8230;&#8230;&#8230;&#8230;&#8230;&#8230;&#8230;&#8230;&#8230;&#8230;&#8230; 70 \u20ac<br \/>1h30 &#8230;&#8230;&#8230;&#8230;&#8230;&#8230;&#8230;&#8230;&#8230;&#8230;&#8230;&#8230;&#8230;&#8230;&#8230;.. 95 \u20ac<\/p>\n<p>\u00a0<\/p>\n\n\n<div class=\"wp-block-buttons is-content-justification-center is-layout-flex wp-container-core-buttons-is-layout-16018d1d wp-block-buttons-is-layout-flex\">\n<div class=\"wp-block-button is-style-outline is-style-outline--1\"><a class=\"wp-block-button__link has-text-align-center wp-element-button\" href=\"https:\/\/marjorie-ringenbach.com\/?page_id=119\">Prendre RDV<\/a><\/div>\n<\/div>\n","protected":false},"excerpt":{"rendered":"<p>Ce soin\u00a0 \u00e9nerg\u00e9tique vous permettra de retrouver une harmonie physiqueet d&rsquo;apaiser la sph\u00e8re mentale. Pour ce faire j&rsquo;utiliserai la transmission d&rsquo;\u00e9nergie vibratoire par imposition des mains,l&rsquo;aromath\u00e9rapie \u00e9nerg\u00e9tique, l&rsquo;olfactoth\u00e9rapie, les fleurs de Bach et la lithoth\u00e9rapie. Une cure de 3 s\u00e9ances, \u00e0 raison d&rsquo;une s\u00e9ance toutes les trois semaines, est recommand\u00e9e pour obtenir un r\u00e9sultat profond [&hellip;]<\/p>\n","protected":false},"author":1,"featured_media":150,"parent":63,"menu_order":0,"comment_status":"closed","ping_status":"closed","template":"","meta":{"_exactmetrics_skip_tracking":false,"_exactmetrics_sitenote_active":false,"_exactmetrics_sitenote_note":"","_exactmetrics_sitenote_category":0,"jetpack_post_was_ever_published":false,"footnotes":""},"class_list":["post-77","page","type-page","status-publish","has-post-thumbnail","hentry"],"yoast_head":"<!-- This site is optimized with the Yoast SEO plugin v23.4 - https:\/\/yoast.com\/wordpress\/plugins\/seo\/ -->\n<title>Soin \u00e9nerg\u00e9tique par Marjorie Ringenbach \u00e0 Vitrolles<\/title>\n<meta name=\"description\" content=\"Marjorie Ringenbach vous propose un soin \u00e9nerg\u00e9tique. Ce soin vous permettra de retrouver une harmonie physique et d&#039;apaiser votre sph\u00e8re mentale.\" \/>\n<meta name=\"robots\" content=\"index, follow, max-snippet:-1, max-image-preview:large, max-video-preview:-1\" \/>\n<link rel=\"canonical\" href=\"https:\/\/marjorie-ringenbach.com\/?page_id=77\" \/>\n<meta property=\"og:locale\" content=\"fr_FR\" \/>\n<meta property=\"og:type\" content=\"article\" \/>\n<meta property=\"og:title\" content=\"Soin \u00e9nerg\u00e9tique par Marjorie Ringenbach \u00e0 Vitrolles\" \/>\n<meta property=\"og:description\" content=\"Marjorie Ringenbach vous propose un soin \u00e9nerg\u00e9tique. Ce soin vous permettra de retrouver une harmonie physique et d&#039;apaiser votre sph\u00e8re mentale.\" \/>\n<meta property=\"og:url\" content=\"https:\/\/marjorie-ringenbach.com\/?page_id=77\" \/>\n<meta property=\"og:site_name\" content=\"Marjorie Ringenbach\" \/>\n<meta property=\"article:modified_time\" content=\"2023-09-27T09:59:41+00:00\" \/>\n<meta property=\"og:image\" content=\"https:\/\/marjorie-ringenbach.com\/wp-content\/uploads\/2017\/12\/pexels-photo-267950.jpeg\" \/>\n\t<meta property=\"og:image:width\" content=\"2739\" \/>\n\t<meta property=\"og:image:height\" content=\"1556\" \/>\n\t<meta property=\"og:image:type\" content=\"image\/jpeg\" \/>\n<meta name=\"twitter:card\" content=\"summary_large_image\" \/>\n<meta name=\"twitter:label1\" content=\"Dur\u00e9e de lecture estim\u00e9e\" \/>\n\t<meta name=\"twitter:data1\" content=\"1 minute\" \/>\n<script type=\"application\/ld+json\" class=\"yoast-schema-graph\">{\"@context\":\"https:\/\/schema.org\",\"@graph\":[{\"@type\":\"WebPage\",\"@id\":\"https:\/\/marjorie-ringenbach.com\/?page_id=77\",\"url\":\"https:\/\/marjorie-ringenbach.com\/?page_id=77\",\"name\":\"Soin \u00e9nerg\u00e9tique par Marjorie Ringenbach \u00e0 Vitrolles\",\"isPartOf\":{\"@id\":\"https:\/\/marjorie-ringenbach.com\/#website\"},\"primaryImageOfPage\":{\"@id\":\"https:\/\/marjorie-ringenbach.com\/?page_id=77#primaryimage\"},\"image\":{\"@id\":\"https:\/\/marjorie-ringenbach.com\/?page_id=77#primaryimage\"},\"thumbnailUrl\":\"https:\/\/i0.wp.com\/marjorie-ringenbach.com\/wp-content\/uploads\/2017\/12\/pexels-photo-267950.jpeg?fit=2739%2C1556&ssl=1\",\"datePublished\":\"2017-12-01T08:03:46+00:00\",\"dateModified\":\"2023-09-27T09:59:41+00:00\",\"description\":\"Marjorie Ringenbach vous propose un soin \u00e9nerg\u00e9tique. Ce soin vous permettra de retrouver une harmonie physique et d'apaiser votre sph\u00e8re mentale.\",\"breadcrumb\":{\"@id\":\"https:\/\/marjorie-ringenbach.com\/?page_id=77#breadcrumb\"},\"inLanguage\":\"fr-FR\",\"potentialAction\":[{\"@type\":\"ReadAction\",\"target\":[\"https:\/\/marjorie-ringenbach.com\/?page_id=77\"]}]},{\"@type\":\"ImageObject\",\"inLanguage\":\"fr-FR\",\"@id\":\"https:\/\/marjorie-ringenbach.com\/?page_id=77#primaryimage\",\"url\":\"https:\/\/i0.wp.com\/marjorie-ringenbach.com\/wp-content\/uploads\/2017\/12\/pexels-photo-267950.jpeg?fit=2739%2C1556&ssl=1\",\"contentUrl\":\"https:\/\/i0.wp.com\/marjorie-ringenbach.com\/wp-content\/uploads\/2017\/12\/pexels-photo-267950.jpeg?fit=2739%2C1556&ssl=1\",\"width\":2739,\"height\":1556},{\"@type\":\"BreadcrumbList\",\"@id\":\"https:\/\/marjorie-ringenbach.com\/?page_id=77#breadcrumb\",\"itemListElement\":[{\"@type\":\"ListItem\",\"position\":1,\"name\":\"Accueil\",\"item\":\"https:\/\/marjorie-ringenbach.com\/\"},{\"@type\":\"ListItem\",\"position\":2,\"name\":\"Massages\",\"item\":\"https:\/\/marjorie-ringenbach.com\/?page_id=63\"},{\"@type\":\"ListItem\",\"position\":3,\"name\":\"Soin \u00e9nerg\u00e9tique\"}]},{\"@type\":\"WebSite\",\"@id\":\"https:\/\/marjorie-ringenbach.com\/#website\",\"url\":\"https:\/\/marjorie-ringenbach.com\/\",\"name\":\"Marjorie Ringenbach\",\"description\":\"\",\"potentialAction\":[{\"@type\":\"SearchAction\",\"target\":{\"@type\":\"EntryPoint\",\"urlTemplate\":\"https:\/\/marjorie-ringenbach.com\/?s={search_term_string}\"},\"query-input\":{\"@type\":\"PropertyValueSpecification\",\"valueRequired\":true,\"valueName\":\"search_term_string\"}}],\"inLanguage\":\"fr-FR\"}]}<\/script>\n<!-- \/ Yoast SEO plugin. -->","yoast_head_json":{"title":"Soin \u00e9nerg\u00e9tique par Marjorie Ringenbach \u00e0 Vitrolles","description":"Marjorie Ringenbach vous propose un soin \u00e9nerg\u00e9tique. Ce soin vous permettra de retrouver une harmonie physique et d'apaiser votre sph\u00e8re mentale.","robots":{"index":"index","follow":"follow","max-snippet":"max-snippet:-1","max-image-preview":"max-image-preview:large","max-video-preview":"max-video-preview:-1"},"canonical":"https:\/\/marjorie-ringenbach.com\/?page_id=77","og_locale":"fr_FR","og_type":"article","og_title":"Soin \u00e9nerg\u00e9tique par Marjorie Ringenbach \u00e0 Vitrolles","og_description":"Marjorie Ringenbach vous propose un soin \u00e9nerg\u00e9tique. Ce soin vous permettra de retrouver une harmonie physique et d'apaiser votre sph\u00e8re mentale.","og_url":"https:\/\/marjorie-ringenbach.com\/?page_id=77","og_site_name":"Marjorie Ringenbach","article_modified_time":"2023-09-27T09:59:41+00:00","og_image":[{"width":2739,"height":1556,"url":"https:\/\/marjorie-ringenbach.com\/wp-content\/uploads\/2017\/12\/pexels-photo-267950.jpeg","type":"image\/jpeg"}],"twitter_card":"summary_large_image","twitter_misc":{"Dur\u00e9e de lecture estim\u00e9e":"1 minute"},"schema":{"@context":"https:\/\/schema.org","@graph":[{"@type":"WebPage","@id":"https:\/\/marjorie-ringenbach.com\/?page_id=77","url":"https:\/\/marjorie-ringenbach.com\/?page_id=77","name":"Soin \u00e9nerg\u00e9tique par Marjorie Ringenbach \u00e0 Vitrolles","isPartOf":{"@id":"https:\/\/marjorie-ringenbach.com\/#website"},"primaryImageOfPage":{"@id":"https:\/\/marjorie-ringenbach.com\/?page_id=77#primaryimage"},"image":{"@id":"https:\/\/marjorie-ringenbach.com\/?page_id=77#primaryimage"},"thumbnailUrl":"https:\/\/i0.wp.com\/marjorie-ringenbach.com\/wp-content\/uploads\/2017\/12\/pexels-photo-267950.jpeg?fit=2739%2C1556&ssl=1","datePublished":"2017-12-01T08:03:46+00:00","dateModified":"2023-09-27T09:59:41+00:00","description":"Marjorie Ringenbach vous propose un soin \u00e9nerg\u00e9tique. Ce soin vous permettra de retrouver une harmonie physique et d'apaiser votre sph\u00e8re mentale.","breadcrumb":{"@id":"https:\/\/marjorie-ringenbach.com\/?page_id=77#breadcrumb"},"inLanguage":"fr-FR","potentialAction":[{"@type":"ReadAction","target":["https:\/\/marjorie-ringenbach.com\/?page_id=77"]}]},{"@type":"ImageObject","inLanguage":"fr-FR","@id":"https:\/\/marjorie-ringenbach.com\/?page_id=77#primaryimage","url":"https:\/\/i0.wp.com\/marjorie-ringenbach.com\/wp-content\/uploads\/2017\/12\/pexels-photo-267950.jpeg?fit=2739%2C1556&ssl=1","contentUrl":"https:\/\/i0.wp.com\/marjorie-ringenbach.com\/wp-content\/uploads\/2017\/12\/pexels-photo-267950.jpeg?fit=2739%2C1556&ssl=1","width":2739,"height":1556},{"@type":"BreadcrumbList","@id":"https:\/\/marjorie-ringenbach.com\/?page_id=77#breadcrumb","itemListElement":[{"@type":"ListItem","position":1,"name":"Accueil","item":"https:\/\/marjorie-ringenbach.com\/"},{"@type":"ListItem","position":2,"name":"Massages","item":"https:\/\/marjorie-ringenbach.com\/?page_id=63"},{"@type":"ListItem","position":3,"name":"Soin \u00e9nerg\u00e9tique"}]},{"@type":"WebSite","@id":"https:\/\/marjorie-ringenbach.com\/#website","url":"https:\/\/marjorie-ringenbach.com\/","name":"Marjorie Ringenbach","description":"","potentialAction":[{"@type":"SearchAction","target":{"@type":"EntryPoint","urlTemplate":"https:\/\/marjorie-ringenbach.com\/?s={search_term_string}"},"query-input":{"@type":"PropertyValueSpecification","valueRequired":true,"valueName":"search_term_string"}}],"inLanguage":"fr-FR"}]}},"jetpack_sharing_enabled":true,"jetpack_shortlink":"https:\/\/wp.me\/P9twVd-1f","jetpack_likes_enabled":true,"_links":{"self":[{"href":"https:\/\/marjorie-ringenbach.com\/index.php?rest_route=\/wp\/v2\/pages\/77","targetHints":{"allow":["GET"]}}],"collection":[{"href":"https:\/\/marjorie-ringenbach.com\/index.php?rest_route=\/wp\/v2\/pages"}],"about":[{"href":"https:\/\/marjorie-ringenbach.com\/index.php?rest_route=\/wp\/v2\/types\/page"}],"author":[{"embeddable":true,"href":"https:\/\/marjorie-ringenbach.com\/index.php?rest_route=\/wp\/v2\/users\/1"}],"replies":[{"embeddable":true,"href":"https:\/\/marjorie-ringenbach.com\/index.php?rest_route=%2Fwp%2Fv2%2Fcomments&post=77"}],"version-history":[{"count":20,"href":"https:\/\/marjorie-ringenbach.com\/index.php?rest_route=\/wp\/v2\/pages\/77\/revisions"}],"predecessor-version":[{"id":908,"href":"https:\/\/marjorie-ringenbach.com\/index.php?rest_route=\/wp\/v2\/pages\/77\/revisions\/908"}],"up":[{"embeddable":true,"href":"https:\/\/marjorie-ringenbach.com\/index.php?rest_route=\/wp\/v2\/pages\/63"}],"wp:featuredmedia":[{"embeddable":true,"href":"https:\/\/marjorie-ringenbach.com\/index.php?rest_route=\/wp\/v2\/media\/150"}],"wp:attachment":[{"href":"https:\/\/marjorie-ringenbach.com\/index.php?rest_route=%2Fwp%2Fv2%2Fmedia&parent=77"}],"curies":[{"name":"wp","href":"https:\/\/api.w.org\/{rel}","templated":true}]}}