{"id":784,"date":"2023-09-22T13:12:04","date_gmt":"2023-09-22T11:12:04","guid":{"rendered":"https:\/\/marjorie-ringenbach.com\/?page_id=784"},"modified":"2023-11-03T10:21:40","modified_gmt":"2023-11-03T09:21:40","slug":"shiatsu-du-cuir-chevelu","status":"publish","type":"page","link":"https:\/\/marjorie-ringenbach.com\/?page_id=784","title":{"rendered":"Shiatsu du cuir chevelu"},"content":{"rendered":"\n<p>Cette technique de massage d&rsquo;origine Japonaise, permet d\u2019\u00e9vacuer le stress et favorise une relaxation profonde.<br>Les pressions des doigts lib\u00e8rent les tensions du cuir chevelu et de la nuque.<br>La digito-pression favorise \u00e9galement la circulation sanguine.<\/p>\n\n\n\n<div class=\"wp-block-buttons is-content-justification-center is-layout-flex wp-container-core-buttons-is-layout-16018d1d wp-block-buttons-is-layout-flex\">\n<div class=\"wp-block-button is-style-outline is-style-outline--1\"><a class=\"wp-block-button__link has-text-align-center wp-element-button\" href=\"https:\/\/marjorie-ringenbach.com\/?page_id=119\">Prendre RDV<\/a><\/div>\n<\/div>\n","protected":false},"excerpt":{"rendered":"<p>Cette technique de massage d&rsquo;origine Japonaise, permet d\u2019\u00e9vacuer le stress et favorise une relaxation profonde.Les pressions des doigts lib\u00e8rent les tensions du cuir chevelu et de la nuque.La digito-pression favorise \u00e9galement la circulation sanguine.<\/p>\n","protected":false},"author":1,"featured_media":409,"parent":0,"menu_order":0,"comment_status":"closed","ping_status":"closed","template":"","meta":{"_exactmetrics_skip_tracking":false,"_exactmetrics_sitenote_active":false,"_exactmetrics_sitenote_note":"","_exactmetrics_sitenote_category":0,"jetpack_post_was_ever_published":false,"footnotes":""},"class_list":["post-784","page","type-page","status-publish","has-post-thumbnail","hentry"],"yoast_head":"<!-- This site is optimized with the Yoast SEO plugin v23.4 - https:\/\/yoast.com\/wordpress\/plugins\/seo\/ -->\n<title>Shiatsu du cuir chevelu - Marjorie Ringenbach<\/title>\n<meta name=\"robots\" content=\"index, follow, max-snippet:-1, max-image-preview:large, max-video-preview:-1\" \/>\n<link rel=\"canonical\" href=\"https:\/\/marjorie-ringenbach.com\/?page_id=784\" \/>\n<meta property=\"og:locale\" content=\"fr_FR\" \/>\n<meta property=\"og:type\" content=\"article\" \/>\n<meta property=\"og:title\" content=\"Shiatsu du cuir chevelu - Marjorie Ringenbach\" \/>\n<meta property=\"og:description\" content=\"Cette technique de massage d&rsquo;origine Japonaise, permet d\u2019\u00e9vacuer le stress et favorise une relaxation profonde.Les pressions des doigts lib\u00e8rent les tensions du cuir chevelu et de la nuque.La digito-pression favorise \u00e9galement la circulation sanguine.\" \/>\n<meta property=\"og:url\" content=\"https:\/\/marjorie-ringenbach.com\/?page_id=784\" \/>\n<meta property=\"og:site_name\" content=\"Marjorie Ringenbach\" \/>\n<meta property=\"article:modified_time\" content=\"2023-11-03T09:21:40+00:00\" \/>\n<meta property=\"og:image\" content=\"https:\/\/marjorie-ringenbach.com\/wp-content\/uploads\/2017\/12\/massage-1929064_960_720.jpg\" \/>\n\t<meta property=\"og:image:width\" content=\"960\" \/>\n\t<meta property=\"og:image:height\" content=\"640\" \/>\n\t<meta property=\"og:image:type\" content=\"image\/jpeg\" \/>\n<meta name=\"twitter:card\" content=\"summary_large_image\" \/>\n<meta name=\"twitter:label1\" content=\"Dur\u00e9e de lecture estim\u00e9e\" \/>\n\t<meta name=\"twitter:data1\" content=\"1 minute\" \/>\n<script type=\"application\/ld+json\" class=\"yoast-schema-graph\">{\"@context\":\"https:\/\/schema.org\",\"@graph\":[{\"@type\":\"WebPage\",\"@id\":\"https:\/\/marjorie-ringenbach.com\/?page_id=784\",\"url\":\"https:\/\/marjorie-ringenbach.com\/?page_id=784\",\"name\":\"Shiatsu du cuir chevelu - Marjorie Ringenbach\",\"isPartOf\":{\"@id\":\"https:\/\/marjorie-ringenbach.com\/#website\"},\"primaryImageOfPage\":{\"@id\":\"https:\/\/marjorie-ringenbach.com\/?page_id=784#primaryimage\"},\"image\":{\"@id\":\"https:\/\/marjorie-ringenbach.com\/?page_id=784#primaryimage\"},\"thumbnailUrl\":\"https:\/\/i0.wp.com\/marjorie-ringenbach.com\/wp-content\/uploads\/2017\/12\/massage-1929064_960_720.jpg?fit=960%2C640&ssl=1\",\"datePublished\":\"2023-09-22T11:12:04+00:00\",\"dateModified\":\"2023-11-03T09:21:40+00:00\",\"breadcrumb\":{\"@id\":\"https:\/\/marjorie-ringenbach.com\/?page_id=784#breadcrumb\"},\"inLanguage\":\"fr-FR\",\"potentialAction\":[{\"@type\":\"ReadAction\",\"target\":[\"https:\/\/marjorie-ringenbach.com\/?page_id=784\"]}]},{\"@type\":\"ImageObject\",\"inLanguage\":\"fr-FR\",\"@id\":\"https:\/\/marjorie-ringenbach.com\/?page_id=784#primaryimage\",\"url\":\"https:\/\/i0.wp.com\/marjorie-ringenbach.com\/wp-content\/uploads\/2017\/12\/massage-1929064_960_720.jpg?fit=960%2C640&ssl=1\",\"contentUrl\":\"https:\/\/i0.wp.com\/marjorie-ringenbach.com\/wp-content\/uploads\/2017\/12\/massage-1929064_960_720.jpg?fit=960%2C640&ssl=1\",\"width\":960,\"height\":640},{\"@type\":\"BreadcrumbList\",\"@id\":\"https:\/\/marjorie-ringenbach.com\/?page_id=784#breadcrumb\",\"itemListElement\":[{\"@type\":\"ListItem\",\"position\":1,\"name\":\"Accueil\",\"item\":\"https:\/\/marjorie-ringenbach.com\/\"},{\"@type\":\"ListItem\",\"position\":2,\"name\":\"Shiatsu du cuir chevelu\"}]},{\"@type\":\"WebSite\",\"@id\":\"https:\/\/marjorie-ringenbach.com\/#website\",\"url\":\"https:\/\/marjorie-ringenbach.com\/\",\"name\":\"Marjorie Ringenbach\",\"description\":\"\",\"potentialAction\":[{\"@type\":\"SearchAction\",\"target\":{\"@type\":\"EntryPoint\",\"urlTemplate\":\"https:\/\/marjorie-ringenbach.com\/?s={search_term_string}\"},\"query-input\":{\"@type\":\"PropertyValueSpecification\",\"valueRequired\":true,\"valueName\":\"search_term_string\"}}],\"inLanguage\":\"fr-FR\"}]}<\/script>\n<!-- \/ Yoast SEO plugin. -->","yoast_head_json":{"title":"Shiatsu du cuir chevelu - Marjorie Ringenbach","robots":{"index":"index","follow":"follow","max-snippet":"max-snippet:-1","max-image-preview":"max-image-preview:large","max-video-preview":"max-video-preview:-1"},"canonical":"https:\/\/marjorie-ringenbach.com\/?page_id=784","og_locale":"fr_FR","og_type":"article","og_title":"Shiatsu du cuir chevelu - Marjorie Ringenbach","og_description":"Cette technique de massage d&rsquo;origine Japonaise, permet d\u2019\u00e9vacuer le stress et favorise une relaxation profonde.Les pressions des doigts lib\u00e8rent les tensions du cuir chevelu et de la nuque.La digito-pression favorise \u00e9galement la circulation sanguine.","og_url":"https:\/\/marjorie-ringenbach.com\/?page_id=784","og_site_name":"Marjorie Ringenbach","article_modified_time":"2023-11-03T09:21:40+00:00","og_image":[{"width":960,"height":640,"url":"https:\/\/marjorie-ringenbach.com\/wp-content\/uploads\/2017\/12\/massage-1929064_960_720.jpg","type":"image\/jpeg"}],"twitter_card":"summary_large_image","twitter_misc":{"Dur\u00e9e de lecture estim\u00e9e":"1 minute"},"schema":{"@context":"https:\/\/schema.org","@graph":[{"@type":"WebPage","@id":"https:\/\/marjorie-ringenbach.com\/?page_id=784","url":"https:\/\/marjorie-ringenbach.com\/?page_id=784","name":"Shiatsu du cuir chevelu - Marjorie Ringenbach","isPartOf":{"@id":"https:\/\/marjorie-ringenbach.com\/#website"},"primaryImageOfPage":{"@id":"https:\/\/marjorie-ringenbach.com\/?page_id=784#primaryimage"},"image":{"@id":"https:\/\/marjorie-ringenbach.com\/?page_id=784#primaryimage"},"thumbnailUrl":"https:\/\/i0.wp.com\/marjorie-ringenbach.com\/wp-content\/uploads\/2017\/12\/massage-1929064_960_720.jpg?fit=960%2C640&ssl=1","datePublished":"2023-09-22T11:12:04+00:00","dateModified":"2023-11-03T09:21:40+00:00","breadcrumb":{"@id":"https:\/\/marjorie-ringenbach.com\/?page_id=784#breadcrumb"},"inLanguage":"fr-FR","potentialAction":[{"@type":"ReadAction","target":["https:\/\/marjorie-ringenbach.com\/?page_id=784"]}]},{"@type":"ImageObject","inLanguage":"fr-FR","@id":"https:\/\/marjorie-ringenbach.com\/?page_id=784#primaryimage","url":"https:\/\/i0.wp.com\/marjorie-ringenbach.com\/wp-content\/uploads\/2017\/12\/massage-1929064_960_720.jpg?fit=960%2C640&ssl=1","contentUrl":"https:\/\/i0.wp.com\/marjorie-ringenbach.com\/wp-content\/uploads\/2017\/12\/massage-1929064_960_720.jpg?fit=960%2C640&ssl=1","width":960,"height":640},{"@type":"BreadcrumbList","@id":"https:\/\/marjorie-ringenbach.com\/?page_id=784#breadcrumb","itemListElement":[{"@type":"ListItem","position":1,"name":"Accueil","item":"https:\/\/marjorie-ringenbach.com\/"},{"@type":"ListItem","position":2,"name":"Shiatsu du cuir chevelu"}]},{"@type":"WebSite","@id":"https:\/\/marjorie-ringenbach.com\/#website","url":"https:\/\/marjorie-ringenbach.com\/","name":"Marjorie Ringenbach","description":"","potentialAction":[{"@type":"SearchAction","target":{"@type":"EntryPoint","urlTemplate":"https:\/\/marjorie-ringenbach.com\/?s={search_term_string}"},"query-input":{"@type":"PropertyValueSpecification","valueRequired":true,"valueName":"search_term_string"}}],"inLanguage":"fr-FR"}]}},"jetpack_sharing_enabled":true,"jetpack_shortlink":"https:\/\/wp.me\/P9twVd-cE","jetpack_likes_enabled":true,"_links":{"self":[{"href":"https:\/\/marjorie-ringenbach.com\/index.php?rest_route=\/wp\/v2\/pages\/784","targetHints":{"allow":["GET"]}}],"collection":[{"href":"https:\/\/marjorie-ringenbach.com\/index.php?rest_route=\/wp\/v2\/pages"}],"about":[{"href":"https:\/\/marjorie-ringenbach.com\/index.php?rest_route=\/wp\/v2\/types\/page"}],"author":[{"embeddable":true,"href":"https:\/\/marjorie-ringenbach.com\/index.php?rest_route=\/wp\/v2\/users\/1"}],"replies":[{"embeddable":true,"href":"https:\/\/marjorie-ringenbach.com\/index.php?rest_route=%2Fwp%2Fv2%2Fcomments&post=784"}],"version-history":[{"count":4,"href":"https:\/\/marjorie-ringenbach.com\/index.php?rest_route=\/wp\/v2\/pages\/784\/revisions"}],"predecessor-version":[{"id":952,"href":"https:\/\/marjorie-ringenbach.com\/index.php?rest_route=\/wp\/v2\/pages\/784\/revisions\/952"}],"wp:featuredmedia":[{"embeddable":true,"href":"https:\/\/marjorie-ringenbach.com\/index.php?rest_route=\/wp\/v2\/media\/409"}],"wp:attachment":[{"href":"https:\/\/marjorie-ringenbach.com\/index.php?rest_route=%2Fwp%2Fv2%2Fmedia&parent=784"}],"curies":[{"name":"wp","href":"https:\/\/api.w.org\/{rel}","templated":true}]}}