{"id":789,"date":"2023-09-22T13:13:04","date_gmt":"2023-09-22T11:13:04","guid":{"rendered":"https:\/\/marjorie-ringenbach.com\/?page_id=789"},"modified":"2023-11-09T11:27:10","modified_gmt":"2023-11-09T10:27:10","slug":"massage-des-pieds","status":"publish","type":"page","link":"https:\/\/marjorie-ringenbach.com\/?page_id=789","title":{"rendered":"Massage des pieds"},"content":{"rendered":"\n<p>Les pieds sont tr\u00e8s sollicit\u00e9s. Ils supportent le poids de notre corps toute la journ\u00e9e. Ils sont notre pilier. Les masser permet de prendre soin de cette zone du corps souvent peu consid\u00e9r\u00e9e. <\/p>\n\n\n\n<p>Ce massage va permettre de r\u00e9\u00e9quilibrer l&rsquo;organisme en entier, gr\u00e2ce \u00e0 l&rsquo;alternance douce et relaxante de mouvement enveloppants et de pressions cibl\u00e9s.<\/p>\n\n\n\n<div class=\"wp-block-buttons is-content-justification-center is-layout-flex wp-container-core-buttons-is-layout-16018d1d wp-block-buttons-is-layout-flex\">\n<div class=\"wp-block-button is-style-outline is-style-outline--1\"><a class=\"wp-block-button__link has-text-align-center wp-element-button\" href=\"https:\/\/marjorie-ringenbach.com\/?page_id=119\">Prendre RDV<\/a><\/div>\n<\/div>\n","protected":false},"excerpt":{"rendered":"<p>Les pieds sont tr\u00e8s sollicit\u00e9s. Ils supportent le poids de notre corps toute la journ\u00e9e. Ils sont notre pilier. Les masser permet de prendre soin de cette zone du corps souvent peu consid\u00e9r\u00e9e. Ce massage va permettre de r\u00e9\u00e9quilibrer l&rsquo;organisme en entier, gr\u00e2ce \u00e0 l&rsquo;alternance douce et relaxante de mouvement enveloppants et de pressions cibl\u00e9s.<\/p>\n","protected":false},"author":1,"featured_media":982,"parent":0,"menu_order":0,"comment_status":"closed","ping_status":"closed","template":"","meta":{"_exactmetrics_skip_tracking":false,"_exactmetrics_sitenote_active":false,"_exactmetrics_sitenote_note":"","_exactmetrics_sitenote_category":0,"jetpack_post_was_ever_published":false,"footnotes":""},"class_list":["post-789","page","type-page","status-publish","has-post-thumbnail","hentry"],"yoast_head":"<!-- This site is optimized with the Yoast SEO plugin v23.4 - https:\/\/yoast.com\/wordpress\/plugins\/seo\/ -->\n<title>Massage des pieds - Marjorie Ringenbach<\/title>\n<meta name=\"description\" content=\"Les pieds sont tr\u00e8s sollicit\u00e9s. Ils supportent le poids de notre corps toute la journ\u00e9e. Ils sont notre pilier. Les masser permet de prendre soin de cette zone du corps souvent peu consid\u00e9r\u00e9e. Ce massage va permettre de r\u00e9\u00e9quilibrer l&#039;organisme en entier, gr\u00e2ce \u00e0 l&#039;alternance douce et relaxante de mouvement enveloppants et de pressions cibl\u00e9s.\" \/>\n<meta name=\"robots\" content=\"index, follow, max-snippet:-1, max-image-preview:large, max-video-preview:-1\" \/>\n<link rel=\"canonical\" href=\"https:\/\/marjorie-ringenbach.com\/?page_id=789\" \/>\n<meta property=\"og:locale\" content=\"fr_FR\" \/>\n<meta property=\"og:type\" content=\"article\" \/>\n<meta property=\"og:title\" content=\"Massage des pieds - Marjorie Ringenbach\" \/>\n<meta property=\"og:description\" content=\"Les pieds sont tr\u00e8s sollicit\u00e9s. Ils supportent le poids de notre corps toute la journ\u00e9e. Ils sont notre pilier. Les masser permet de prendre soin de cette zone du corps souvent peu consid\u00e9r\u00e9e. Ce massage va permettre de r\u00e9\u00e9quilibrer l&#039;organisme en entier, gr\u00e2ce \u00e0 l&#039;alternance douce et relaxante de mouvement enveloppants et de pressions cibl\u00e9s.\" \/>\n<meta property=\"og:url\" content=\"https:\/\/marjorie-ringenbach.com\/?page_id=789\" \/>\n<meta property=\"og:site_name\" content=\"Marjorie Ringenbach\" \/>\n<meta property=\"article:modified_time\" content=\"2023-11-09T10:27:10+00:00\" \/>\n<meta property=\"og:image\" content=\"https:\/\/marjorie-ringenbach.com\/wp-content\/uploads\/2023\/11\/20231109_112059_0000.png\" \/>\n\t<meta property=\"og:image:width\" content=\"1920\" \/>\n\t<meta property=\"og:image:height\" content=\"1080\" \/>\n\t<meta property=\"og:image:type\" content=\"image\/png\" \/>\n<meta name=\"twitter:card\" content=\"summary_large_image\" \/>\n<meta name=\"twitter:label1\" content=\"Dur\u00e9e de lecture estim\u00e9e\" \/>\n\t<meta name=\"twitter:data1\" content=\"1 minute\" \/>\n<script type=\"application\/ld+json\" class=\"yoast-schema-graph\">{\"@context\":\"https:\/\/schema.org\",\"@graph\":[{\"@type\":\"WebPage\",\"@id\":\"https:\/\/marjorie-ringenbach.com\/?page_id=789\",\"url\":\"https:\/\/marjorie-ringenbach.com\/?page_id=789\",\"name\":\"Massage des pieds - Marjorie Ringenbach\",\"isPartOf\":{\"@id\":\"https:\/\/marjorie-ringenbach.com\/#website\"},\"primaryImageOfPage\":{\"@id\":\"https:\/\/marjorie-ringenbach.com\/?page_id=789#primaryimage\"},\"image\":{\"@id\":\"https:\/\/marjorie-ringenbach.com\/?page_id=789#primaryimage\"},\"thumbnailUrl\":\"https:\/\/i0.wp.com\/marjorie-ringenbach.com\/wp-content\/uploads\/2023\/11\/20231109_112059_0000.png?fit=1920%2C1080&ssl=1\",\"datePublished\":\"2023-09-22T11:13:04+00:00\",\"dateModified\":\"2023-11-09T10:27:10+00:00\",\"description\":\"Les pieds sont tr\u00e8s sollicit\u00e9s. Ils supportent le poids de notre corps toute la journ\u00e9e. Ils sont notre pilier. Les masser permet de prendre soin de cette zone du corps souvent peu consid\u00e9r\u00e9e. Ce massage va permettre de r\u00e9\u00e9quilibrer l'organisme en entier, gr\u00e2ce \u00e0 l'alternance douce et relaxante de mouvement enveloppants et de pressions cibl\u00e9s.\",\"breadcrumb\":{\"@id\":\"https:\/\/marjorie-ringenbach.com\/?page_id=789#breadcrumb\"},\"inLanguage\":\"fr-FR\",\"potentialAction\":[{\"@type\":\"ReadAction\",\"target\":[\"https:\/\/marjorie-ringenbach.com\/?page_id=789\"]}]},{\"@type\":\"ImageObject\",\"inLanguage\":\"fr-FR\",\"@id\":\"https:\/\/marjorie-ringenbach.com\/?page_id=789#primaryimage\",\"url\":\"https:\/\/i0.wp.com\/marjorie-ringenbach.com\/wp-content\/uploads\/2023\/11\/20231109_112059_0000.png?fit=1920%2C1080&ssl=1\",\"contentUrl\":\"https:\/\/i0.wp.com\/marjorie-ringenbach.com\/wp-content\/uploads\/2023\/11\/20231109_112059_0000.png?fit=1920%2C1080&ssl=1\",\"width\":1920,\"height\":1080},{\"@type\":\"BreadcrumbList\",\"@id\":\"https:\/\/marjorie-ringenbach.com\/?page_id=789#breadcrumb\",\"itemListElement\":[{\"@type\":\"ListItem\",\"position\":1,\"name\":\"Accueil\",\"item\":\"https:\/\/marjorie-ringenbach.com\/\"},{\"@type\":\"ListItem\",\"position\":2,\"name\":\"Massage des pieds\"}]},{\"@type\":\"WebSite\",\"@id\":\"https:\/\/marjorie-ringenbach.com\/#website\",\"url\":\"https:\/\/marjorie-ringenbach.com\/\",\"name\":\"Marjorie Ringenbach\",\"description\":\"\",\"potentialAction\":[{\"@type\":\"SearchAction\",\"target\":{\"@type\":\"EntryPoint\",\"urlTemplate\":\"https:\/\/marjorie-ringenbach.com\/?s={search_term_string}\"},\"query-input\":{\"@type\":\"PropertyValueSpecification\",\"valueRequired\":true,\"valueName\":\"search_term_string\"}}],\"inLanguage\":\"fr-FR\"}]}<\/script>\n<!-- \/ Yoast SEO plugin. -->","yoast_head_json":{"title":"Massage des pieds - Marjorie Ringenbach","description":"Les pieds sont tr\u00e8s sollicit\u00e9s. Ils supportent le poids de notre corps toute la journ\u00e9e. Ils sont notre pilier. Les masser permet de prendre soin de cette zone du corps souvent peu consid\u00e9r\u00e9e. Ce massage va permettre de r\u00e9\u00e9quilibrer l'organisme en entier, gr\u00e2ce \u00e0 l'alternance douce et relaxante de mouvement enveloppants et de pressions cibl\u00e9s.","robots":{"index":"index","follow":"follow","max-snippet":"max-snippet:-1","max-image-preview":"max-image-preview:large","max-video-preview":"max-video-preview:-1"},"canonical":"https:\/\/marjorie-ringenbach.com\/?page_id=789","og_locale":"fr_FR","og_type":"article","og_title":"Massage des pieds - Marjorie Ringenbach","og_description":"Les pieds sont tr\u00e8s sollicit\u00e9s. Ils supportent le poids de notre corps toute la journ\u00e9e. Ils sont notre pilier. Les masser permet de prendre soin de cette zone du corps souvent peu consid\u00e9r\u00e9e. Ce massage va permettre de r\u00e9\u00e9quilibrer l'organisme en entier, gr\u00e2ce \u00e0 l'alternance douce et relaxante de mouvement enveloppants et de pressions cibl\u00e9s.","og_url":"https:\/\/marjorie-ringenbach.com\/?page_id=789","og_site_name":"Marjorie Ringenbach","article_modified_time":"2023-11-09T10:27:10+00:00","og_image":[{"width":1920,"height":1080,"url":"https:\/\/marjorie-ringenbach.com\/wp-content\/uploads\/2023\/11\/20231109_112059_0000.png","type":"image\/png"}],"twitter_card":"summary_large_image","twitter_misc":{"Dur\u00e9e de lecture estim\u00e9e":"1 minute"},"schema":{"@context":"https:\/\/schema.org","@graph":[{"@type":"WebPage","@id":"https:\/\/marjorie-ringenbach.com\/?page_id=789","url":"https:\/\/marjorie-ringenbach.com\/?page_id=789","name":"Massage des pieds - Marjorie Ringenbach","isPartOf":{"@id":"https:\/\/marjorie-ringenbach.com\/#website"},"primaryImageOfPage":{"@id":"https:\/\/marjorie-ringenbach.com\/?page_id=789#primaryimage"},"image":{"@id":"https:\/\/marjorie-ringenbach.com\/?page_id=789#primaryimage"},"thumbnailUrl":"https:\/\/i0.wp.com\/marjorie-ringenbach.com\/wp-content\/uploads\/2023\/11\/20231109_112059_0000.png?fit=1920%2C1080&ssl=1","datePublished":"2023-09-22T11:13:04+00:00","dateModified":"2023-11-09T10:27:10+00:00","description":"Les pieds sont tr\u00e8s sollicit\u00e9s. Ils supportent le poids de notre corps toute la journ\u00e9e. Ils sont notre pilier. Les masser permet de prendre soin de cette zone du corps souvent peu consid\u00e9r\u00e9e. Ce massage va permettre de r\u00e9\u00e9quilibrer l'organisme en entier, gr\u00e2ce \u00e0 l'alternance douce et relaxante de mouvement enveloppants et de pressions cibl\u00e9s.","breadcrumb":{"@id":"https:\/\/marjorie-ringenbach.com\/?page_id=789#breadcrumb"},"inLanguage":"fr-FR","potentialAction":[{"@type":"ReadAction","target":["https:\/\/marjorie-ringenbach.com\/?page_id=789"]}]},{"@type":"ImageObject","inLanguage":"fr-FR","@id":"https:\/\/marjorie-ringenbach.com\/?page_id=789#primaryimage","url":"https:\/\/i0.wp.com\/marjorie-ringenbach.com\/wp-content\/uploads\/2023\/11\/20231109_112059_0000.png?fit=1920%2C1080&ssl=1","contentUrl":"https:\/\/i0.wp.com\/marjorie-ringenbach.com\/wp-content\/uploads\/2023\/11\/20231109_112059_0000.png?fit=1920%2C1080&ssl=1","width":1920,"height":1080},{"@type":"BreadcrumbList","@id":"https:\/\/marjorie-ringenbach.com\/?page_id=789#breadcrumb","itemListElement":[{"@type":"ListItem","position":1,"name":"Accueil","item":"https:\/\/marjorie-ringenbach.com\/"},{"@type":"ListItem","position":2,"name":"Massage des pieds"}]},{"@type":"WebSite","@id":"https:\/\/marjorie-ringenbach.com\/#website","url":"https:\/\/marjorie-ringenbach.com\/","name":"Marjorie Ringenbach","description":"","potentialAction":[{"@type":"SearchAction","target":{"@type":"EntryPoint","urlTemplate":"https:\/\/marjorie-ringenbach.com\/?s={search_term_string}"},"query-input":{"@type":"PropertyValueSpecification","valueRequired":true,"valueName":"search_term_string"}}],"inLanguage":"fr-FR"}]}},"jetpack_sharing_enabled":true,"jetpack_shortlink":"https:\/\/wp.me\/P9twVd-cJ","jetpack_likes_enabled":true,"_links":{"self":[{"href":"https:\/\/marjorie-ringenbach.com\/index.php?rest_route=\/wp\/v2\/pages\/789","targetHints":{"allow":["GET"]}}],"collection":[{"href":"https:\/\/marjorie-ringenbach.com\/index.php?rest_route=\/wp\/v2\/pages"}],"about":[{"href":"https:\/\/marjorie-ringenbach.com\/index.php?rest_route=\/wp\/v2\/types\/page"}],"author":[{"embeddable":true,"href":"https:\/\/marjorie-ringenbach.com\/index.php?rest_route=\/wp\/v2\/users\/1"}],"replies":[{"embeddable":true,"href":"https:\/\/marjorie-ringenbach.com\/index.php?rest_route=%2Fwp%2Fv2%2Fcomments&post=789"}],"version-history":[{"count":5,"href":"https:\/\/marjorie-ringenbach.com\/index.php?rest_route=\/wp\/v2\/pages\/789\/revisions"}],"predecessor-version":[{"id":980,"href":"https:\/\/marjorie-ringenbach.com\/index.php?rest_route=\/wp\/v2\/pages\/789\/revisions\/980"}],"wp:featuredmedia":[{"embeddable":true,"href":"https:\/\/marjorie-ringenbach.com\/index.php?rest_route=\/wp\/v2\/media\/982"}],"wp:attachment":[{"href":"https:\/\/marjorie-ringenbach.com\/index.php?rest_route=%2Fwp%2Fv2%2Fmedia&parent=789"}],"curies":[{"name":"wp","href":"https:\/\/api.w.org\/{rel}","templated":true}]}}