{"id":79,"date":"2017-12-01T09:04:18","date_gmt":"2017-12-01T08:04:18","guid":{"rendered":"http:\/\/marjorie-ringenbach.com\/?page_id=79"},"modified":"2023-09-27T12:03:13","modified_gmt":"2023-09-27T10:03:13","slug":"massage-ayurvedique","status":"publish","type":"page","link":"https:\/\/marjorie-ringenbach.com\/?page_id=79","title":{"rendered":"Massage Ayurv\u00e9dique"},"content":{"rendered":"<p style=\"text-align: center;\"><strong><span style=\"font-size: 14pt; font-family: helvetica, arial, sans-serif;\">Je vous invite au d\u00e9paysement avec le massage Ayurv\u00e9dique.<\/span><\/strong><\/p>\n<p style=\"text-align: center;\"><span style=\"font-size: 14pt; font-family: helvetica, arial, sans-serif;\">Une v\u00e9ritable escale en plein c\u0153ur du pays des Maharadjas qui vous apportera apaisement, force et vitalit\u00e9.<\/span><\/p>\n<p style=\"text-align: center;\"><span style=\"font-size: 14pt; font-family: helvetica, arial, sans-serif;\">1h &#8230;&#8230;&#8230;&#8230;&#8230;&#8230;&#8230;&#8230;&#8230;&#8230;&#8230;&#8230;&#8230;&#8230;&#8230; 70 euros<\/span><\/p>\n<p style=\"text-align: center;\"><span style=\"font-size: 14pt; font-family: helvetica, arial, sans-serif;\">1h30 &#8230;&#8230;&#8230;&#8230;&#8230;&#8230;&#8230;&#8230;&#8230;&#8230;&#8230;&#8230;&#8230;&#8230;&#8230; 95 euros<\/span><\/p>\n<ul>\n<li style=\"text-align: left;\"><strong><span style=\"font-size: 14pt; font-family: helvetica, arial, sans-serif;\">Option personnalisation :<\/span><\/strong><\/li>\n<\/ul>\n<p style=\"text-align: center;\"><span style=\"font-size: 14pt; font-family: helvetica, arial, sans-serif;\">Analyse et questionnaire pour d\u00e9finir votre Dosha <\/span><\/p>\n<p style=\"text-align: center;\"><span style=\"font-size: 14pt; font-family: helvetica, arial, sans-serif;\">+ Huile de massage correspondant \u00e0 votre Dosha :<\/span><\/p>\n<p style=\"text-align: center;\"><span style=\"font-size: 14pt; font-family: helvetica, arial, sans-serif;\">20min &#8230;&#8230;&#8230;&#8230;&#8230;&#8230;&#8230;&#8230;&#8230;&#8230;&#8230;&#8230;&#8230;&#8230;&#8230; 30 euros<\/span><\/p>\n<p style=\"text-align: center;\"><span style=\"font-size: 14pt; font-family: helvetica, arial, sans-serif;\">Venez d\u00e9couvrir les secrets et les bienfaits des plantes et des huiles essentielles ancestrales indiennes.\u00a0<\/span><\/p>\n<p style=\"text-align: center;\"><span style=\"font-size: 14pt; font-family: helvetica, arial, sans-serif;\">L&rsquo;<strong>Ayurv\u00e9da<\/strong> est n\u00e9e en <strong>Inde<\/strong>, il y a plusieurs milliers d&rsquo;ann\u00e9es.<br \/>\u00c0 la fois philosophie, spiritualit\u00e9, m\u00e9decine, art de vivre, elle propose un chemin naturel de sant\u00e9, de beaut\u00e9 et de bien-\u00eatre.<\/span><\/p>\n<p style=\"text-align: center;\"><span style=\"font-size: 14pt; font-family: helvetica, arial, sans-serif;\">L&rsquo;Ayurv\u00e9da distingue 3 types de constitution de base, ou humeurs, appel\u00e9es <strong>Doshas<\/strong>.<\/span><br \/><span style=\"font-size: 14pt; font-family: helvetica, arial, sans-serif;\"> Les doshas ont pour noms : <strong>VATA, PITTA, KAPHA<\/strong>.<\/span><\/p>\n<p style=\"text-align: center;\"><span style=\"font-size: 14pt; font-family: helvetica, arial, sans-serif;\">Chaque \u00eatre personne est compos\u00e9e de <strong>5 \u00e9l\u00e9ments<\/strong> (Espace, Air, Eau, Feu, Terre)<br \/>dans des proportions variables.<\/span><br \/><span style=\"font-size: 14pt; font-family: helvetica, arial, sans-serif;\"> Ce sont ces proportions qui d\u00e9terminent le type de dosha.<br \/><\/span><span style=\"font-size: 14pt; font-family: helvetica, arial, sans-serif;\"> Par exemple, dire de quelqu\u2019un qu\u2019il est de constitution\u00a0 VATA\u00a0 signifie que chez lui l\u2019humeur VATA\u00a0 est en exc\u00e8s.<\/span><br \/><span style=\"font-size: 14pt; font-family: helvetica, arial, sans-serif;\"> Lorsque les 3 humeurs sont \u00e9quilibr\u00e9es sans \u00eatre en exc\u00e8s on retrouve l&rsquo;harmonie globale.<\/span><\/p>\n<p style=\"text-align: center;\">\u00a0<\/p>\n\n\n<div class=\"wp-block-buttons is-content-justification-center is-layout-flex wp-container-core-buttons-is-layout-16018d1d wp-block-buttons-is-layout-flex\">\n<div class=\"wp-block-button is-style-outline is-style-outline--1\"><a class=\"wp-block-button__link has-text-align-center wp-element-button\" href=\"https:\/\/marjorie-ringenbach.com\/?page_id=119\">Prendre RDV<\/a><\/div>\n<\/div>\n","protected":false},"excerpt":{"rendered":"<p>Je vous invite au d\u00e9paysement avec le massage Ayurv\u00e9dique. Une v\u00e9ritable escale en plein c\u0153ur du pays des Maharadjas qui vous apportera apaisement, force et vitalit\u00e9. 1h &#8230;&#8230;&#8230;&#8230;&#8230;&#8230;&#8230;&#8230;&#8230;&#8230;&#8230;&#8230;&#8230;&#8230;&#8230; 70 euros 1h30 &#8230;&#8230;&#8230;&#8230;&#8230;&#8230;&#8230;&#8230;&#8230;&#8230;&#8230;&#8230;&#8230;&#8230;&#8230; 95 euros Option personnalisation : Analyse et questionnaire pour d\u00e9finir votre Dosha + Huile de massage correspondant \u00e0 votre Dosha : 20min &#8230;&#8230;&#8230;&#8230;&#8230;&#8230;&#8230;&#8230;&#8230;&#8230;&#8230;&#8230;&#8230;&#8230;&#8230; [&hellip;]<\/p>\n","protected":false},"author":1,"featured_media":193,"parent":63,"menu_order":0,"comment_status":"closed","ping_status":"closed","template":"","meta":{"_exactmetrics_skip_tracking":false,"_exactmetrics_sitenote_active":false,"_exactmetrics_sitenote_note":"","_exactmetrics_sitenote_category":0,"jetpack_post_was_ever_published":true,"footnotes":""},"class_list":["post-79","page","type-page","status-publish","has-post-thumbnail","hentry"],"yoast_head":"<!-- This site is optimized with the Yoast SEO plugin v23.4 - https:\/\/yoast.com\/wordpress\/plugins\/seo\/ -->\n<title>Massage Ayurv\u00e9dique propos\u00e9 par Marjorie Ringenbach \u00e0 Vitrolles<\/title>\n<meta name=\"description\" content=\"Je vous invite au d\u00e9paysement avec le massage Ayurv\u00e9dique. Une v\u00e9ritable escale en plein c\u0153ur du pays des Maharadjas qui vous apportera apaisement, force et vitalit\u00e9.\" \/>\n<meta name=\"robots\" content=\"index, follow, max-snippet:-1, max-image-preview:large, max-video-preview:-1\" \/>\n<link rel=\"canonical\" href=\"https:\/\/marjorie-ringenbach.com\/?page_id=79\" \/>\n<meta property=\"og:locale\" content=\"fr_FR\" \/>\n<meta property=\"og:type\" content=\"article\" \/>\n<meta property=\"og:title\" content=\"Massage Ayurv\u00e9dique propos\u00e9 par Marjorie Ringenbach \u00e0 Vitrolles\" \/>\n<meta property=\"og:description\" content=\"Je vous invite au d\u00e9paysement avec le massage Ayurv\u00e9dique. Une v\u00e9ritable escale en plein c\u0153ur du pays des Maharadjas qui vous apportera apaisement, force et vitalit\u00e9.\" \/>\n<meta property=\"og:url\" content=\"https:\/\/marjorie-ringenbach.com\/?page_id=79\" \/>\n<meta property=\"og:site_name\" content=\"Marjorie Ringenbach\" \/>\n<meta property=\"article:modified_time\" content=\"2023-09-27T10:03:13+00:00\" \/>\n<meta property=\"og:image\" content=\"https:\/\/marjorie-ringenbach.com\/wp-content\/uploads\/2017\/12\/pexels-photo-539694-1024x683.jpeg\" \/>\n\t<meta property=\"og:image:width\" content=\"1024\" \/>\n\t<meta property=\"og:image:height\" content=\"683\" \/>\n\t<meta property=\"og:image:type\" content=\"image\/jpeg\" \/>\n<meta name=\"twitter:card\" content=\"summary_large_image\" \/>\n<meta name=\"twitter:label1\" content=\"Dur\u00e9e de lecture estim\u00e9e\" \/>\n\t<meta name=\"twitter:data1\" content=\"1 minute\" \/>\n<script type=\"application\/ld+json\" class=\"yoast-schema-graph\">{\"@context\":\"https:\/\/schema.org\",\"@graph\":[{\"@type\":\"WebPage\",\"@id\":\"https:\/\/marjorie-ringenbach.com\/?page_id=79\",\"url\":\"https:\/\/marjorie-ringenbach.com\/?page_id=79\",\"name\":\"Massage Ayurv\u00e9dique propos\u00e9 par Marjorie Ringenbach \u00e0 Vitrolles\",\"isPartOf\":{\"@id\":\"https:\/\/marjorie-ringenbach.com\/#website\"},\"primaryImageOfPage\":{\"@id\":\"https:\/\/marjorie-ringenbach.com\/?page_id=79#primaryimage\"},\"image\":{\"@id\":\"https:\/\/marjorie-ringenbach.com\/?page_id=79#primaryimage\"},\"thumbnailUrl\":\"https:\/\/i0.wp.com\/marjorie-ringenbach.com\/wp-content\/uploads\/2017\/12\/pexels-photo-539694.jpeg?fit=6000%2C4000&ssl=1\",\"datePublished\":\"2017-12-01T08:04:18+00:00\",\"dateModified\":\"2023-09-27T10:03:13+00:00\",\"description\":\"Je vous invite au d\u00e9paysement avec le massage Ayurv\u00e9dique. Une v\u00e9ritable escale en plein c\u0153ur du pays des Maharadjas qui vous apportera apaisement, force et vitalit\u00e9.\",\"breadcrumb\":{\"@id\":\"https:\/\/marjorie-ringenbach.com\/?page_id=79#breadcrumb\"},\"inLanguage\":\"fr-FR\",\"potentialAction\":[{\"@type\":\"ReadAction\",\"target\":[\"https:\/\/marjorie-ringenbach.com\/?page_id=79\"]}]},{\"@type\":\"ImageObject\",\"inLanguage\":\"fr-FR\",\"@id\":\"https:\/\/marjorie-ringenbach.com\/?page_id=79#primaryimage\",\"url\":\"https:\/\/i0.wp.com\/marjorie-ringenbach.com\/wp-content\/uploads\/2017\/12\/pexels-photo-539694.jpeg?fit=6000%2C4000&ssl=1\",\"contentUrl\":\"https:\/\/i0.wp.com\/marjorie-ringenbach.com\/wp-content\/uploads\/2017\/12\/pexels-photo-539694.jpeg?fit=6000%2C4000&ssl=1\",\"width\":6000,\"height\":4000},{\"@type\":\"BreadcrumbList\",\"@id\":\"https:\/\/marjorie-ringenbach.com\/?page_id=79#breadcrumb\",\"itemListElement\":[{\"@type\":\"ListItem\",\"position\":1,\"name\":\"Accueil\",\"item\":\"https:\/\/marjorie-ringenbach.com\/\"},{\"@type\":\"ListItem\",\"position\":2,\"name\":\"Massages\",\"item\":\"https:\/\/marjorie-ringenbach.com\/?page_id=63\"},{\"@type\":\"ListItem\",\"position\":3,\"name\":\"Massage Ayurv\u00e9dique\"}]},{\"@type\":\"WebSite\",\"@id\":\"https:\/\/marjorie-ringenbach.com\/#website\",\"url\":\"https:\/\/marjorie-ringenbach.com\/\",\"name\":\"Marjorie Ringenbach\",\"description\":\"\",\"potentialAction\":[{\"@type\":\"SearchAction\",\"target\":{\"@type\":\"EntryPoint\",\"urlTemplate\":\"https:\/\/marjorie-ringenbach.com\/?s={search_term_string}\"},\"query-input\":{\"@type\":\"PropertyValueSpecification\",\"valueRequired\":true,\"valueName\":\"search_term_string\"}}],\"inLanguage\":\"fr-FR\"}]}<\/script>\n<!-- \/ Yoast SEO plugin. -->","yoast_head_json":{"title":"Massage Ayurv\u00e9dique propos\u00e9 par Marjorie Ringenbach \u00e0 Vitrolles","description":"Je vous invite au d\u00e9paysement avec le massage Ayurv\u00e9dique. Une v\u00e9ritable escale en plein c\u0153ur du pays des Maharadjas qui vous apportera apaisement, force et vitalit\u00e9.","robots":{"index":"index","follow":"follow","max-snippet":"max-snippet:-1","max-image-preview":"max-image-preview:large","max-video-preview":"max-video-preview:-1"},"canonical":"https:\/\/marjorie-ringenbach.com\/?page_id=79","og_locale":"fr_FR","og_type":"article","og_title":"Massage Ayurv\u00e9dique propos\u00e9 par Marjorie Ringenbach \u00e0 Vitrolles","og_description":"Je vous invite au d\u00e9paysement avec le massage Ayurv\u00e9dique. Une v\u00e9ritable escale en plein c\u0153ur du pays des Maharadjas qui vous apportera apaisement, force et vitalit\u00e9.","og_url":"https:\/\/marjorie-ringenbach.com\/?page_id=79","og_site_name":"Marjorie Ringenbach","article_modified_time":"2023-09-27T10:03:13+00:00","og_image":[{"width":1024,"height":683,"url":"https:\/\/marjorie-ringenbach.com\/wp-content\/uploads\/2017\/12\/pexels-photo-539694-1024x683.jpeg","type":"image\/jpeg"}],"twitter_card":"summary_large_image","twitter_misc":{"Dur\u00e9e de lecture estim\u00e9e":"1 minute"},"schema":{"@context":"https:\/\/schema.org","@graph":[{"@type":"WebPage","@id":"https:\/\/marjorie-ringenbach.com\/?page_id=79","url":"https:\/\/marjorie-ringenbach.com\/?page_id=79","name":"Massage Ayurv\u00e9dique propos\u00e9 par Marjorie Ringenbach \u00e0 Vitrolles","isPartOf":{"@id":"https:\/\/marjorie-ringenbach.com\/#website"},"primaryImageOfPage":{"@id":"https:\/\/marjorie-ringenbach.com\/?page_id=79#primaryimage"},"image":{"@id":"https:\/\/marjorie-ringenbach.com\/?page_id=79#primaryimage"},"thumbnailUrl":"https:\/\/i0.wp.com\/marjorie-ringenbach.com\/wp-content\/uploads\/2017\/12\/pexels-photo-539694.jpeg?fit=6000%2C4000&ssl=1","datePublished":"2017-12-01T08:04:18+00:00","dateModified":"2023-09-27T10:03:13+00:00","description":"Je vous invite au d\u00e9paysement avec le massage Ayurv\u00e9dique. Une v\u00e9ritable escale en plein c\u0153ur du pays des Maharadjas qui vous apportera apaisement, force et vitalit\u00e9.","breadcrumb":{"@id":"https:\/\/marjorie-ringenbach.com\/?page_id=79#breadcrumb"},"inLanguage":"fr-FR","potentialAction":[{"@type":"ReadAction","target":["https:\/\/marjorie-ringenbach.com\/?page_id=79"]}]},{"@type":"ImageObject","inLanguage":"fr-FR","@id":"https:\/\/marjorie-ringenbach.com\/?page_id=79#primaryimage","url":"https:\/\/i0.wp.com\/marjorie-ringenbach.com\/wp-content\/uploads\/2017\/12\/pexels-photo-539694.jpeg?fit=6000%2C4000&ssl=1","contentUrl":"https:\/\/i0.wp.com\/marjorie-ringenbach.com\/wp-content\/uploads\/2017\/12\/pexels-photo-539694.jpeg?fit=6000%2C4000&ssl=1","width":6000,"height":4000},{"@type":"BreadcrumbList","@id":"https:\/\/marjorie-ringenbach.com\/?page_id=79#breadcrumb","itemListElement":[{"@type":"ListItem","position":1,"name":"Accueil","item":"https:\/\/marjorie-ringenbach.com\/"},{"@type":"ListItem","position":2,"name":"Massages","item":"https:\/\/marjorie-ringenbach.com\/?page_id=63"},{"@type":"ListItem","position":3,"name":"Massage Ayurv\u00e9dique"}]},{"@type":"WebSite","@id":"https:\/\/marjorie-ringenbach.com\/#website","url":"https:\/\/marjorie-ringenbach.com\/","name":"Marjorie Ringenbach","description":"","potentialAction":[{"@type":"SearchAction","target":{"@type":"EntryPoint","urlTemplate":"https:\/\/marjorie-ringenbach.com\/?s={search_term_string}"},"query-input":{"@type":"PropertyValueSpecification","valueRequired":true,"valueName":"search_term_string"}}],"inLanguage":"fr-FR"}]}},"jetpack_sharing_enabled":true,"jetpack_shortlink":"https:\/\/wp.me\/P9twVd-1h","jetpack_likes_enabled":true,"_links":{"self":[{"href":"https:\/\/marjorie-ringenbach.com\/index.php?rest_route=\/wp\/v2\/pages\/79","targetHints":{"allow":["GET"]}}],"collection":[{"href":"https:\/\/marjorie-ringenbach.com\/index.php?rest_route=\/wp\/v2\/pages"}],"about":[{"href":"https:\/\/marjorie-ringenbach.com\/index.php?rest_route=\/wp\/v2\/types\/page"}],"author":[{"embeddable":true,"href":"https:\/\/marjorie-ringenbach.com\/index.php?rest_route=\/wp\/v2\/users\/1"}],"replies":[{"embeddable":true,"href":"https:\/\/marjorie-ringenbach.com\/index.php?rest_route=%2Fwp%2Fv2%2Fcomments&post=79"}],"version-history":[{"count":10,"href":"https:\/\/marjorie-ringenbach.com\/index.php?rest_route=\/wp\/v2\/pages\/79\/revisions"}],"predecessor-version":[{"id":910,"href":"https:\/\/marjorie-ringenbach.com\/index.php?rest_route=\/wp\/v2\/pages\/79\/revisions\/910"}],"up":[{"embeddable":true,"href":"https:\/\/marjorie-ringenbach.com\/index.php?rest_route=\/wp\/v2\/pages\/63"}],"wp:featuredmedia":[{"embeddable":true,"href":"https:\/\/marjorie-ringenbach.com\/index.php?rest_route=\/wp\/v2\/media\/193"}],"wp:attachment":[{"href":"https:\/\/marjorie-ringenbach.com\/index.php?rest_route=%2Fwp%2Fv2%2Fmedia&parent=79"}],"curies":[{"name":"wp","href":"https:\/\/api.w.org\/{rel}","templated":true}]}}