{"id":801,"date":"2023-09-22T13:17:29","date_gmt":"2023-09-22T11:17:29","guid":{"rendered":"https:\/\/marjorie-ringenbach.com\/?page_id=801"},"modified":"2024-02-04T15:34:45","modified_gmt":"2024-02-04T14:34:45","slug":"atelier-massage-couple","status":"publish","type":"page","link":"https:\/\/marjorie-ringenbach.com\/?page_id=801","title":{"rendered":"Atelier Massage Couple"},"content":{"rendered":"\n<p>Venez profiter d&rsquo;un instant suspendu pour vous retrouver. Cet atelier vous permettra d&rsquo;apprendre des man\u0153uvres de massage agr\u00e9ables et relaxantes qui seront faciles \u00e0 reproduire chez vous. Vous aurez toutes les cl\u00e9s pour offrir \u00e0 votre partenaire un massage sur-mesure.<\/p>\n<p>Pour aller plus loin, je vous propose une formule de 3 ateliers valable 6 mois.<\/p>\n<p style=\"text-align: center;\">1h \u2026\u2026\u2026\u2026\u2026\u2026\u2026\u2026\u2026\u2026\u2026\u2026\u2026\u2026\u2026\u2026\u2026 90 \u20ac<br \/>3 x 1h\u2026\u2026\u2026\u2026\u2026\u2026\u2026\u2026\u2026\u2026\u2026\u2026\u2026\u2026\u2026.. 250 \u20ac<\/p>\n\n\n\n<div class=\"wp-block-buttons is-content-justification-center is-layout-flex wp-container-core-buttons-is-layout-16018d1d wp-block-buttons-is-layout-flex\">\n<div class=\"wp-block-button is-style-outline is-style-outline--1\"><a class=\"wp-block-button__link has-text-align-center wp-element-button\" href=\"https:\/\/marjorie-ringenbach.com\/?page_id=119\">Prendre RDV<\/a><\/div>\n<\/div>\n","protected":false},"excerpt":{"rendered":"<p>Venez profiter d&rsquo;un instant suspendu pour vous retrouver. Cet atelier vous permettra d&rsquo;apprendre des man\u0153uvres de massage agr\u00e9ables et relaxantes qui seront faciles \u00e0 reproduire chez vous. Vous aurez toutes les cl\u00e9s pour offrir \u00e0 votre partenaire un massage sur-mesure. Pour aller plus loin, je vous propose une formule de 3 ateliers valable 6 mois. [&hellip;]<\/p>\n","protected":false},"author":1,"featured_media":992,"parent":0,"menu_order":0,"comment_status":"closed","ping_status":"closed","template":"","meta":{"_exactmetrics_skip_tracking":false,"_exactmetrics_sitenote_active":false,"_exactmetrics_sitenote_note":"","_exactmetrics_sitenote_category":0,"jetpack_post_was_ever_published":true,"footnotes":""},"class_list":["post-801","page","type-page","status-publish","has-post-thumbnail","hentry"],"yoast_head":"<!-- This site is optimized with the Yoast SEO plugin v23.4 - https:\/\/yoast.com\/wordpress\/plugins\/seo\/ -->\n<title>Atelier Massage Couple - Marjorie Ringenbach<\/title>\n<meta name=\"description\" content=\"Venez profiter d\u2019un instant suspendu pour vous retrouver. Cet atelier vous permettra d\u2019apprendre des man\u0153uvres de massage agr\u00e9ables et relaxantes qui seront faciles \u00e0 reproduire chez vous. Vous aurez toutes les cl\u00e9s pour offrir \u00e0 votre partenaire un massage sur-mesure. Pour aller plus loin, je vous propose une formule de 3 ateliers valable 6 mois.1h \u2026\u2026\u2026\u2026\u2026\u2026\u2026\u2026\u2026\u2026\u2026\u2026\u2026\u2026\u2026\u2026\u2026 90 \u20ac3 x 1h\u2026\u2026\u2026\u2026\u2026\u2026\u2026\u2026\u2026\u2026\u2026\u2026\u2026\u2026\u2026.. 250 \u20ac\" \/>\n<meta name=\"robots\" content=\"index, follow, max-snippet:-1, max-image-preview:large, max-video-preview:-1\" \/>\n<link rel=\"canonical\" href=\"https:\/\/marjorie-ringenbach.com\/?page_id=801\" \/>\n<meta property=\"og:locale\" content=\"fr_FR\" \/>\n<meta property=\"og:type\" content=\"article\" \/>\n<meta property=\"og:title\" content=\"Atelier Massage Couple - Marjorie Ringenbach\" \/>\n<meta property=\"og:description\" content=\"Venez profiter d\u2019un instant suspendu pour vous retrouver. Cet atelier vous permettra d\u2019apprendre des man\u0153uvres de massage agr\u00e9ables et relaxantes qui seront faciles \u00e0 reproduire chez vous. Vous aurez toutes les cl\u00e9s pour offrir \u00e0 votre partenaire un massage sur-mesure. Pour aller plus loin, je vous propose une formule de 3 ateliers valable 6 mois.1h \u2026\u2026\u2026\u2026\u2026\u2026\u2026\u2026\u2026\u2026\u2026\u2026\u2026\u2026\u2026\u2026\u2026 90 \u20ac3 x 1h\u2026\u2026\u2026\u2026\u2026\u2026\u2026\u2026\u2026\u2026\u2026\u2026\u2026\u2026\u2026.. 250 \u20ac\" \/>\n<meta property=\"og:url\" content=\"https:\/\/marjorie-ringenbach.com\/?page_id=801\" \/>\n<meta property=\"og:site_name\" content=\"Marjorie Ringenbach\" \/>\n<meta property=\"article:modified_time\" content=\"2024-02-04T14:34:45+00:00\" \/>\n<meta property=\"og:image\" content=\"https:\/\/marjorie-ringenbach.com\/wp-content\/uploads\/2024\/02\/massage-atelier-couple-scaled.jpg\" \/>\n\t<meta property=\"og:image:width\" content=\"2560\" \/>\n\t<meta property=\"og:image:height\" content=\"1851\" \/>\n\t<meta property=\"og:image:type\" content=\"image\/jpeg\" \/>\n<meta name=\"twitter:card\" content=\"summary_large_image\" \/>\n<meta name=\"twitter:label1\" content=\"Dur\u00e9e de lecture estim\u00e9e\" \/>\n\t<meta name=\"twitter:data1\" content=\"1 minute\" \/>\n<script type=\"application\/ld+json\" class=\"yoast-schema-graph\">{\"@context\":\"https:\/\/schema.org\",\"@graph\":[{\"@type\":\"WebPage\",\"@id\":\"https:\/\/marjorie-ringenbach.com\/?page_id=801\",\"url\":\"https:\/\/marjorie-ringenbach.com\/?page_id=801\",\"name\":\"Atelier Massage Couple - Marjorie Ringenbach\",\"isPartOf\":{\"@id\":\"https:\/\/marjorie-ringenbach.com\/#website\"},\"primaryImageOfPage\":{\"@id\":\"https:\/\/marjorie-ringenbach.com\/?page_id=801#primaryimage\"},\"image\":{\"@id\":\"https:\/\/marjorie-ringenbach.com\/?page_id=801#primaryimage\"},\"thumbnailUrl\":\"https:\/\/i0.wp.com\/marjorie-ringenbach.com\/wp-content\/uploads\/2024\/02\/massage-atelier-couple-scaled.jpg?fit=2560%2C1851&ssl=1\",\"datePublished\":\"2023-09-22T11:17:29+00:00\",\"dateModified\":\"2024-02-04T14:34:45+00:00\",\"description\":\"Venez profiter d\u2019un instant suspendu pour vous retrouver. Cet atelier vous permettra d\u2019apprendre des man\u0153uvres de massage agr\u00e9ables et relaxantes qui seront faciles \u00e0 reproduire chez vous. Vous aurez toutes les cl\u00e9s pour offrir \u00e0 votre partenaire un massage sur-mesure. Pour aller plus loin, je vous propose une formule de 3 ateliers valable 6 mois.1h \u2026\u2026\u2026\u2026\u2026\u2026\u2026\u2026\u2026\u2026\u2026\u2026\u2026\u2026\u2026\u2026\u2026 90 \u20ac3 x 1h\u2026\u2026\u2026\u2026\u2026\u2026\u2026\u2026\u2026\u2026\u2026\u2026\u2026\u2026\u2026.. 250 \u20ac\",\"breadcrumb\":{\"@id\":\"https:\/\/marjorie-ringenbach.com\/?page_id=801#breadcrumb\"},\"inLanguage\":\"fr-FR\",\"potentialAction\":[{\"@type\":\"ReadAction\",\"target\":[\"https:\/\/marjorie-ringenbach.com\/?page_id=801\"]}]},{\"@type\":\"ImageObject\",\"inLanguage\":\"fr-FR\",\"@id\":\"https:\/\/marjorie-ringenbach.com\/?page_id=801#primaryimage\",\"url\":\"https:\/\/i0.wp.com\/marjorie-ringenbach.com\/wp-content\/uploads\/2024\/02\/massage-atelier-couple-scaled.jpg?fit=2560%2C1851&ssl=1\",\"contentUrl\":\"https:\/\/i0.wp.com\/marjorie-ringenbach.com\/wp-content\/uploads\/2024\/02\/massage-atelier-couple-scaled.jpg?fit=2560%2C1851&ssl=1\",\"width\":2560,\"height\":1851,\"caption\":\"The young man on relaxation, recreation, healthy massage in a beauty salon. High angle view. Low key light\"},{\"@type\":\"BreadcrumbList\",\"@id\":\"https:\/\/marjorie-ringenbach.com\/?page_id=801#breadcrumb\",\"itemListElement\":[{\"@type\":\"ListItem\",\"position\":1,\"name\":\"Accueil\",\"item\":\"https:\/\/marjorie-ringenbach.com\/\"},{\"@type\":\"ListItem\",\"position\":2,\"name\":\"Atelier Massage Couple\"}]},{\"@type\":\"WebSite\",\"@id\":\"https:\/\/marjorie-ringenbach.com\/#website\",\"url\":\"https:\/\/marjorie-ringenbach.com\/\",\"name\":\"Marjorie Ringenbach\",\"description\":\"\",\"potentialAction\":[{\"@type\":\"SearchAction\",\"target\":{\"@type\":\"EntryPoint\",\"urlTemplate\":\"https:\/\/marjorie-ringenbach.com\/?s={search_term_string}\"},\"query-input\":{\"@type\":\"PropertyValueSpecification\",\"valueRequired\":true,\"valueName\":\"search_term_string\"}}],\"inLanguage\":\"fr-FR\"}]}<\/script>\n<!-- \/ Yoast SEO plugin. -->","yoast_head_json":{"title":"Atelier Massage Couple - Marjorie Ringenbach","description":"Venez profiter d\u2019un instant suspendu pour vous retrouver. Cet atelier vous permettra d\u2019apprendre des man\u0153uvres de massage agr\u00e9ables et relaxantes qui seront faciles \u00e0 reproduire chez vous. Vous aurez toutes les cl\u00e9s pour offrir \u00e0 votre partenaire un massage sur-mesure. Pour aller plus loin, je vous propose une formule de 3 ateliers valable 6 mois.1h \u2026\u2026\u2026\u2026\u2026\u2026\u2026\u2026\u2026\u2026\u2026\u2026\u2026\u2026\u2026\u2026\u2026 90 \u20ac3 x 1h\u2026\u2026\u2026\u2026\u2026\u2026\u2026\u2026\u2026\u2026\u2026\u2026\u2026\u2026\u2026.. 250 \u20ac","robots":{"index":"index","follow":"follow","max-snippet":"max-snippet:-1","max-image-preview":"max-image-preview:large","max-video-preview":"max-video-preview:-1"},"canonical":"https:\/\/marjorie-ringenbach.com\/?page_id=801","og_locale":"fr_FR","og_type":"article","og_title":"Atelier Massage Couple - Marjorie Ringenbach","og_description":"Venez profiter d\u2019un instant suspendu pour vous retrouver. Cet atelier vous permettra d\u2019apprendre des man\u0153uvres de massage agr\u00e9ables et relaxantes qui seront faciles \u00e0 reproduire chez vous. Vous aurez toutes les cl\u00e9s pour offrir \u00e0 votre partenaire un massage sur-mesure. Pour aller plus loin, je vous propose une formule de 3 ateliers valable 6 mois.1h \u2026\u2026\u2026\u2026\u2026\u2026\u2026\u2026\u2026\u2026\u2026\u2026\u2026\u2026\u2026\u2026\u2026 90 \u20ac3 x 1h\u2026\u2026\u2026\u2026\u2026\u2026\u2026\u2026\u2026\u2026\u2026\u2026\u2026\u2026\u2026.. 250 \u20ac","og_url":"https:\/\/marjorie-ringenbach.com\/?page_id=801","og_site_name":"Marjorie Ringenbach","article_modified_time":"2024-02-04T14:34:45+00:00","og_image":[{"width":2560,"height":1851,"url":"https:\/\/marjorie-ringenbach.com\/wp-content\/uploads\/2024\/02\/massage-atelier-couple-scaled.jpg","type":"image\/jpeg"}],"twitter_card":"summary_large_image","twitter_misc":{"Dur\u00e9e de lecture estim\u00e9e":"1 minute"},"schema":{"@context":"https:\/\/schema.org","@graph":[{"@type":"WebPage","@id":"https:\/\/marjorie-ringenbach.com\/?page_id=801","url":"https:\/\/marjorie-ringenbach.com\/?page_id=801","name":"Atelier Massage Couple - Marjorie Ringenbach","isPartOf":{"@id":"https:\/\/marjorie-ringenbach.com\/#website"},"primaryImageOfPage":{"@id":"https:\/\/marjorie-ringenbach.com\/?page_id=801#primaryimage"},"image":{"@id":"https:\/\/marjorie-ringenbach.com\/?page_id=801#primaryimage"},"thumbnailUrl":"https:\/\/i0.wp.com\/marjorie-ringenbach.com\/wp-content\/uploads\/2024\/02\/massage-atelier-couple-scaled.jpg?fit=2560%2C1851&ssl=1","datePublished":"2023-09-22T11:17:29+00:00","dateModified":"2024-02-04T14:34:45+00:00","description":"Venez profiter d\u2019un instant suspendu pour vous retrouver. Cet atelier vous permettra d\u2019apprendre des man\u0153uvres de massage agr\u00e9ables et relaxantes qui seront faciles \u00e0 reproduire chez vous. Vous aurez toutes les cl\u00e9s pour offrir \u00e0 votre partenaire un massage sur-mesure. Pour aller plus loin, je vous propose une formule de 3 ateliers valable 6 mois.1h \u2026\u2026\u2026\u2026\u2026\u2026\u2026\u2026\u2026\u2026\u2026\u2026\u2026\u2026\u2026\u2026\u2026 90 \u20ac3 x 1h\u2026\u2026\u2026\u2026\u2026\u2026\u2026\u2026\u2026\u2026\u2026\u2026\u2026\u2026\u2026.. 250 \u20ac","breadcrumb":{"@id":"https:\/\/marjorie-ringenbach.com\/?page_id=801#breadcrumb"},"inLanguage":"fr-FR","potentialAction":[{"@type":"ReadAction","target":["https:\/\/marjorie-ringenbach.com\/?page_id=801"]}]},{"@type":"ImageObject","inLanguage":"fr-FR","@id":"https:\/\/marjorie-ringenbach.com\/?page_id=801#primaryimage","url":"https:\/\/i0.wp.com\/marjorie-ringenbach.com\/wp-content\/uploads\/2024\/02\/massage-atelier-couple-scaled.jpg?fit=2560%2C1851&ssl=1","contentUrl":"https:\/\/i0.wp.com\/marjorie-ringenbach.com\/wp-content\/uploads\/2024\/02\/massage-atelier-couple-scaled.jpg?fit=2560%2C1851&ssl=1","width":2560,"height":1851,"caption":"The young man on relaxation, recreation, healthy massage in a beauty salon. High angle view. Low key light"},{"@type":"BreadcrumbList","@id":"https:\/\/marjorie-ringenbach.com\/?page_id=801#breadcrumb","itemListElement":[{"@type":"ListItem","position":1,"name":"Accueil","item":"https:\/\/marjorie-ringenbach.com\/"},{"@type":"ListItem","position":2,"name":"Atelier Massage Couple"}]},{"@type":"WebSite","@id":"https:\/\/marjorie-ringenbach.com\/#website","url":"https:\/\/marjorie-ringenbach.com\/","name":"Marjorie Ringenbach","description":"","potentialAction":[{"@type":"SearchAction","target":{"@type":"EntryPoint","urlTemplate":"https:\/\/marjorie-ringenbach.com\/?s={search_term_string}"},"query-input":{"@type":"PropertyValueSpecification","valueRequired":true,"valueName":"search_term_string"}}],"inLanguage":"fr-FR"}]}},"jetpack_sharing_enabled":true,"jetpack_shortlink":"https:\/\/wp.me\/P9twVd-cV","jetpack_likes_enabled":true,"_links":{"self":[{"href":"https:\/\/marjorie-ringenbach.com\/index.php?rest_route=\/wp\/v2\/pages\/801","targetHints":{"allow":["GET"]}}],"collection":[{"href":"https:\/\/marjorie-ringenbach.com\/index.php?rest_route=\/wp\/v2\/pages"}],"about":[{"href":"https:\/\/marjorie-ringenbach.com\/index.php?rest_route=\/wp\/v2\/types\/page"}],"author":[{"embeddable":true,"href":"https:\/\/marjorie-ringenbach.com\/index.php?rest_route=\/wp\/v2\/users\/1"}],"replies":[{"embeddable":true,"href":"https:\/\/marjorie-ringenbach.com\/index.php?rest_route=%2Fwp%2Fv2%2Fcomments&post=801"}],"version-history":[{"count":8,"href":"https:\/\/marjorie-ringenbach.com\/index.php?rest_route=\/wp\/v2\/pages\/801\/revisions"}],"predecessor-version":[{"id":997,"href":"https:\/\/marjorie-ringenbach.com\/index.php?rest_route=\/wp\/v2\/pages\/801\/revisions\/997"}],"wp:featuredmedia":[{"embeddable":true,"href":"https:\/\/marjorie-ringenbach.com\/index.php?rest_route=\/wp\/v2\/media\/992"}],"wp:attachment":[{"href":"https:\/\/marjorie-ringenbach.com\/index.php?rest_route=%2Fwp%2Fv2%2Fmedia&parent=801"}],"curies":[{"name":"wp","href":"https:\/\/api.w.org\/{rel}","templated":true}]}}