{"id":805,"date":"2023-09-22T13:18:26","date_gmt":"2023-09-22T11:18:26","guid":{"rendered":"https:\/\/marjorie-ringenbach.com\/?page_id=805"},"modified":"2024-04-17T13:49:02","modified_gmt":"2024-04-17T11:49:02","slug":"massage-femme-enceinte","status":"publish","type":"page","link":"https:\/\/marjorie-ringenbach.com\/?page_id=805","title":{"rendered":"Massage femme enceinte"},"content":{"rendered":"\n<p>Se pratique \u00e0 partir du 2\u00e8me trimestre.<\/p>\n<p>Ce massage sp\u00e9cialement con\u00e7u pour les femmes enceintes vise \u00e0 soulager les inconforts d\u00fb \u00e0 la grossesse tels que les jambes lourdes, les gonflements et maux de dos. Il offre une d\u00e9tente et un bien-\u00eatre aidant les futures mamans et b\u00e9b\u00e9 \u00e0 se sentir choy\u00e9es et apais\u00e9es.<\/p>\n\n\n\n<div class=\"wp-block-buttons is-content-justification-center is-layout-flex wp-container-core-buttons-is-layout-16018d1d wp-block-buttons-is-layout-flex\">\n<div class=\"wp-block-button is-style-outline is-style-outline--1\"><a class=\"wp-block-button__link has-text-align-center wp-element-button\" href=\"https:\/\/marjorie-ringenbach.com\/?page_id=119\">Prendre RDV<\/a><\/div>\n<\/div>\n\n\n\n<div style=\"height:37px\" aria-hidden=\"true\" class=\"wp-block-spacer\"><\/div>\n\n\n\n<figure class=\"wp-block-embed is-type-video is-provider-youtube wp-block-embed-youtube wp-embed-aspect-16-9 wp-has-aspect-ratio\"><div class=\"wp-block-embed__wrapper\">\n<iframe loading=\"lazy\" title=\"Massage femme enceinte sur Vitrolles (13)\" width=\"820\" height=\"461\" src=\"https:\/\/www.youtube.com\/embed\/VuntPMs3YJk?feature=oembed\" frameborder=\"0\" allow=\"accelerometer; autoplay; clipboard-write; encrypted-media; gyroscope; picture-in-picture; web-share\" referrerpolicy=\"strict-origin-when-cross-origin\" allowfullscreen><\/iframe>\n<\/div><\/figure>\n","protected":false},"excerpt":{"rendered":"<p>Se pratique \u00e0 partir du 2\u00e8me trimestre. Ce massage sp\u00e9cialement con\u00e7u pour les femmes enceintes vise \u00e0 soulager les inconforts d\u00fb \u00e0 la grossesse tels que les jambes lourdes, les gonflements et maux de dos. Il offre une d\u00e9tente et un bien-\u00eatre aidant les futures mamans et b\u00e9b\u00e9 \u00e0 se sentir choy\u00e9es et apais\u00e9es.<\/p>\n","protected":false},"author":1,"featured_media":956,"parent":0,"menu_order":0,"comment_status":"closed","ping_status":"closed","template":"","meta":{"_exactmetrics_skip_tracking":false,"_exactmetrics_sitenote_active":false,"_exactmetrics_sitenote_note":"","_exactmetrics_sitenote_category":0,"jetpack_post_was_ever_published":false,"footnotes":""},"class_list":["post-805","page","type-page","status-publish","has-post-thumbnail","hentry"],"yoast_head":"<!-- This site is optimized with the Yoast SEO plugin v23.4 - https:\/\/yoast.com\/wordpress\/plugins\/seo\/ -->\n<title>Massage femme enceinte - Marjorie Ringenbach<\/title>\n<meta name=\"robots\" content=\"index, follow, max-snippet:-1, max-image-preview:large, max-video-preview:-1\" \/>\n<link rel=\"canonical\" href=\"https:\/\/marjorie-ringenbach.com\/?page_id=805\" \/>\n<meta property=\"og:locale\" content=\"fr_FR\" \/>\n<meta property=\"og:type\" content=\"article\" \/>\n<meta property=\"og:title\" content=\"Massage femme enceinte - Marjorie Ringenbach\" \/>\n<meta property=\"og:description\" content=\"Se pratique \u00e0 partir du 2\u00e8me trimestre. Ce massage sp\u00e9cialement con\u00e7u pour les femmes enceintes vise \u00e0 soulager les inconforts d\u00fb \u00e0 la grossesse tels que les jambes lourdes, les gonflements et maux de dos. Il offre une d\u00e9tente et un bien-\u00eatre aidant les futures mamans et b\u00e9b\u00e9 \u00e0 se sentir choy\u00e9es et apais\u00e9es.\" \/>\n<meta property=\"og:url\" content=\"https:\/\/marjorie-ringenbach.com\/?page_id=805\" \/>\n<meta property=\"og:site_name\" content=\"Marjorie Ringenbach\" \/>\n<meta property=\"article:modified_time\" content=\"2024-04-17T11:49:02+00:00\" \/>\n<meta property=\"og:image\" content=\"https:\/\/marjorie-ringenbach.com\/wp-content\/uploads\/2023\/11\/massage-femme-enceinte.jpg\" \/>\n\t<meta property=\"og:image:width\" content=\"1920\" \/>\n\t<meta property=\"og:image:height\" content=\"1280\" \/>\n\t<meta property=\"og:image:type\" content=\"image\/jpeg\" \/>\n<meta name=\"twitter:card\" content=\"summary_large_image\" \/>\n<meta name=\"twitter:label1\" content=\"Dur\u00e9e de lecture estim\u00e9e\" \/>\n\t<meta name=\"twitter:data1\" content=\"1 minute\" \/>\n<script type=\"application\/ld+json\" class=\"yoast-schema-graph\">{\"@context\":\"https:\/\/schema.org\",\"@graph\":[{\"@type\":\"WebPage\",\"@id\":\"https:\/\/marjorie-ringenbach.com\/?page_id=805\",\"url\":\"https:\/\/marjorie-ringenbach.com\/?page_id=805\",\"name\":\"Massage femme enceinte - Marjorie Ringenbach\",\"isPartOf\":{\"@id\":\"https:\/\/marjorie-ringenbach.com\/#website\"},\"primaryImageOfPage\":{\"@id\":\"https:\/\/marjorie-ringenbach.com\/?page_id=805#primaryimage\"},\"image\":{\"@id\":\"https:\/\/marjorie-ringenbach.com\/?page_id=805#primaryimage\"},\"thumbnailUrl\":\"https:\/\/i0.wp.com\/marjorie-ringenbach.com\/wp-content\/uploads\/2023\/11\/massage-femme-enceinte.jpg?fit=1920%2C1280&ssl=1\",\"datePublished\":\"2023-09-22T11:18:26+00:00\",\"dateModified\":\"2024-04-17T11:49:02+00:00\",\"breadcrumb\":{\"@id\":\"https:\/\/marjorie-ringenbach.com\/?page_id=805#breadcrumb\"},\"inLanguage\":\"fr-FR\",\"potentialAction\":[{\"@type\":\"ReadAction\",\"target\":[\"https:\/\/marjorie-ringenbach.com\/?page_id=805\"]}]},{\"@type\":\"ImageObject\",\"inLanguage\":\"fr-FR\",\"@id\":\"https:\/\/marjorie-ringenbach.com\/?page_id=805#primaryimage\",\"url\":\"https:\/\/i0.wp.com\/marjorie-ringenbach.com\/wp-content\/uploads\/2023\/11\/massage-femme-enceinte.jpg?fit=1920%2C1280&ssl=1\",\"contentUrl\":\"https:\/\/i0.wp.com\/marjorie-ringenbach.com\/wp-content\/uploads\/2023\/11\/massage-femme-enceinte.jpg?fit=1920%2C1280&ssl=1\",\"width\":1920,\"height\":1280,\"caption\":\"Massage femme enceinte\"},{\"@type\":\"BreadcrumbList\",\"@id\":\"https:\/\/marjorie-ringenbach.com\/?page_id=805#breadcrumb\",\"itemListElement\":[{\"@type\":\"ListItem\",\"position\":1,\"name\":\"Accueil\",\"item\":\"https:\/\/marjorie-ringenbach.com\/\"},{\"@type\":\"ListItem\",\"position\":2,\"name\":\"Massage femme enceinte\"}]},{\"@type\":\"WebSite\",\"@id\":\"https:\/\/marjorie-ringenbach.com\/#website\",\"url\":\"https:\/\/marjorie-ringenbach.com\/\",\"name\":\"Marjorie Ringenbach\",\"description\":\"\",\"potentialAction\":[{\"@type\":\"SearchAction\",\"target\":{\"@type\":\"EntryPoint\",\"urlTemplate\":\"https:\/\/marjorie-ringenbach.com\/?s={search_term_string}\"},\"query-input\":{\"@type\":\"PropertyValueSpecification\",\"valueRequired\":true,\"valueName\":\"search_term_string\"}}],\"inLanguage\":\"fr-FR\"}]}<\/script>\n<!-- \/ Yoast SEO plugin. -->","yoast_head_json":{"title":"Massage femme enceinte - Marjorie Ringenbach","robots":{"index":"index","follow":"follow","max-snippet":"max-snippet:-1","max-image-preview":"max-image-preview:large","max-video-preview":"max-video-preview:-1"},"canonical":"https:\/\/marjorie-ringenbach.com\/?page_id=805","og_locale":"fr_FR","og_type":"article","og_title":"Massage femme enceinte - Marjorie Ringenbach","og_description":"Se pratique \u00e0 partir du 2\u00e8me trimestre. Ce massage sp\u00e9cialement con\u00e7u pour les femmes enceintes vise \u00e0 soulager les inconforts d\u00fb \u00e0 la grossesse tels que les jambes lourdes, les gonflements et maux de dos. Il offre une d\u00e9tente et un bien-\u00eatre aidant les futures mamans et b\u00e9b\u00e9 \u00e0 se sentir choy\u00e9es et apais\u00e9es.","og_url":"https:\/\/marjorie-ringenbach.com\/?page_id=805","og_site_name":"Marjorie Ringenbach","article_modified_time":"2024-04-17T11:49:02+00:00","og_image":[{"width":1920,"height":1280,"url":"https:\/\/marjorie-ringenbach.com\/wp-content\/uploads\/2023\/11\/massage-femme-enceinte.jpg","type":"image\/jpeg"}],"twitter_card":"summary_large_image","twitter_misc":{"Dur\u00e9e de lecture estim\u00e9e":"1 minute"},"schema":{"@context":"https:\/\/schema.org","@graph":[{"@type":"WebPage","@id":"https:\/\/marjorie-ringenbach.com\/?page_id=805","url":"https:\/\/marjorie-ringenbach.com\/?page_id=805","name":"Massage femme enceinte - Marjorie Ringenbach","isPartOf":{"@id":"https:\/\/marjorie-ringenbach.com\/#website"},"primaryImageOfPage":{"@id":"https:\/\/marjorie-ringenbach.com\/?page_id=805#primaryimage"},"image":{"@id":"https:\/\/marjorie-ringenbach.com\/?page_id=805#primaryimage"},"thumbnailUrl":"https:\/\/i0.wp.com\/marjorie-ringenbach.com\/wp-content\/uploads\/2023\/11\/massage-femme-enceinte.jpg?fit=1920%2C1280&ssl=1","datePublished":"2023-09-22T11:18:26+00:00","dateModified":"2024-04-17T11:49:02+00:00","breadcrumb":{"@id":"https:\/\/marjorie-ringenbach.com\/?page_id=805#breadcrumb"},"inLanguage":"fr-FR","potentialAction":[{"@type":"ReadAction","target":["https:\/\/marjorie-ringenbach.com\/?page_id=805"]}]},{"@type":"ImageObject","inLanguage":"fr-FR","@id":"https:\/\/marjorie-ringenbach.com\/?page_id=805#primaryimage","url":"https:\/\/i0.wp.com\/marjorie-ringenbach.com\/wp-content\/uploads\/2023\/11\/massage-femme-enceinte.jpg?fit=1920%2C1280&ssl=1","contentUrl":"https:\/\/i0.wp.com\/marjorie-ringenbach.com\/wp-content\/uploads\/2023\/11\/massage-femme-enceinte.jpg?fit=1920%2C1280&ssl=1","width":1920,"height":1280,"caption":"Massage femme enceinte"},{"@type":"BreadcrumbList","@id":"https:\/\/marjorie-ringenbach.com\/?page_id=805#breadcrumb","itemListElement":[{"@type":"ListItem","position":1,"name":"Accueil","item":"https:\/\/marjorie-ringenbach.com\/"},{"@type":"ListItem","position":2,"name":"Massage femme enceinte"}]},{"@type":"WebSite","@id":"https:\/\/marjorie-ringenbach.com\/#website","url":"https:\/\/marjorie-ringenbach.com\/","name":"Marjorie Ringenbach","description":"","potentialAction":[{"@type":"SearchAction","target":{"@type":"EntryPoint","urlTemplate":"https:\/\/marjorie-ringenbach.com\/?s={search_term_string}"},"query-input":{"@type":"PropertyValueSpecification","valueRequired":true,"valueName":"search_term_string"}}],"inLanguage":"fr-FR"}]}},"jetpack_sharing_enabled":true,"jetpack_shortlink":"https:\/\/wp.me\/P9twVd-cZ","jetpack_likes_enabled":true,"_links":{"self":[{"href":"https:\/\/marjorie-ringenbach.com\/index.php?rest_route=\/wp\/v2\/pages\/805","targetHints":{"allow":["GET"]}}],"collection":[{"href":"https:\/\/marjorie-ringenbach.com\/index.php?rest_route=\/wp\/v2\/pages"}],"about":[{"href":"https:\/\/marjorie-ringenbach.com\/index.php?rest_route=\/wp\/v2\/types\/page"}],"author":[{"embeddable":true,"href":"https:\/\/marjorie-ringenbach.com\/index.php?rest_route=\/wp\/v2\/users\/1"}],"replies":[{"embeddable":true,"href":"https:\/\/marjorie-ringenbach.com\/index.php?rest_route=%2Fwp%2Fv2%2Fcomments&post=805"}],"version-history":[{"count":8,"href":"https:\/\/marjorie-ringenbach.com\/index.php?rest_route=\/wp\/v2\/pages\/805\/revisions"}],"predecessor-version":[{"id":1034,"href":"https:\/\/marjorie-ringenbach.com\/index.php?rest_route=\/wp\/v2\/pages\/805\/revisions\/1034"}],"wp:featuredmedia":[{"embeddable":true,"href":"https:\/\/marjorie-ringenbach.com\/index.php?rest_route=\/wp\/v2\/media\/956"}],"wp:attachment":[{"href":"https:\/\/marjorie-ringenbach.com\/index.php?rest_route=%2Fwp%2Fv2%2Fmedia&parent=805"}],"curies":[{"name":"wp","href":"https:\/\/api.w.org\/{rel}","templated":true}]}}