{"id":81,"date":"2017-12-01T09:04:50","date_gmt":"2017-12-01T08:04:50","guid":{"rendered":"http:\/\/marjorie-ringenbach.com\/?page_id=81"},"modified":"2024-09-13T16:23:57","modified_gmt":"2024-09-13T14:23:57","slug":"soin-visage","status":"publish","type":"page","link":"https:\/\/marjorie-ringenbach.com\/?page_id=81","title":{"rendered":"Soin visage"},"content":{"rendered":"<div id=\"pl-81\"  class=\"panel-layout\" ><div id=\"pg-81-0\"  class=\"panel-grid panel-no-style\" ><div id=\"pgc-81-0-0\"  class=\"panel-grid-cell\" ><div id=\"panel-81-0-0-0\" class=\"so-panel widget widget_sow-editor panel-first-child panel-last-child\" data-index=\"0\" ><div\n\t\t\t\n\t\t\tclass=\"so-widget-sow-editor so-widget-sow-editor-base\"\n\t\t\t\n\t\t>\n<div class=\"siteorigin-widget-tinymce textwidget\">\n\t<p style=\"text-align: center;\"><span style=\"font-family: helvetica, arial, sans-serif; font-size: 14pt;\">Esth\u00e9ticienne dipl\u00f4m\u00e9e d'Etat, je r\u00e9alise mes soins du visage avec la gamme Nu Skin,\u00a0<\/span><span style=\"font-family: helvetica, arial, sans-serif; font-size: 14pt;\">experte en r\u00e9g\u00e9n\u00e9ration cellulaire.<\/span><\/p>\n<\/div>\n<\/div><\/div><\/div><\/div><div id=\"pg-81-1\"  class=\"panel-grid panel-no-style\" ><div id=\"pgc-81-1-0\"  class=\"panel-grid-cell\" ><div id=\"panel-81-1-0-0\" class=\"so-panel widget widget_sow-editor panel-first-child panel-last-child\" data-index=\"1\" ><div\n\t\t\t\n\t\t\tclass=\"so-widget-sow-editor so-widget-sow-editor-base\"\n\t\t\t\n\t\t>\n<div class=\"siteorigin-widget-tinymce textwidget\">\n\t<p style=\"text-align: center;\"><span style=\"font-size: 18pt;\"><strong>Soins Nu Skin<\/strong><\/span><\/p>\n<\/div>\n<\/div><\/div><\/div><\/div><div id=\"pg-81-2\"  class=\"panel-grid panel-has-style\" ><div class=\"siteorigin-panels-stretch panel-row-style panel-row-style-for-81-2\" data-stretch-type=\"full\" ><div id=\"pgc-81-2-0\"  class=\"panel-grid-cell\" ><div id=\"panel-81-2-0-0\" class=\"so-panel widget widget_sow-editor panel-first-child\" data-index=\"2\" ><div\n\t\t\t\n\t\t\tclass=\"so-widget-sow-editor so-widget-sow-editor-base\"\n\t\t\t\n\t\t><h3 class=\"widget-title\">Soin \u00c9clat Express<\/h3>\n<div class=\"siteorigin-widget-tinymce textwidget\">\n\t<p>- peau saine*<br \/>\n- \u00e9clat*****<br \/>\n- hydratation***<br \/>\n- nutrition*<br \/>\n- relaxation*<\/p>\n<p>30min....................................................60\u20ac<\/p>\n<p><em>* : Intensit\u00e9 de chaque effet<\/em><\/p>\n<\/div>\n<\/div><\/div><div id=\"panel-81-2-0-1\" class=\"so-panel widget widget_sow-editor\" data-index=\"3\" ><div\n\t\t\t\n\t\t\tclass=\"so-widget-sow-editor so-widget-sow-editor-base\"\n\t\t\t\n\t\t><h3 class=\"widget-title\">Soin Purifiant<\/h3>\n<div class=\"siteorigin-widget-tinymce textwidget\">\n\t<p>- peau saine ******<br \/>\n- \u00e9clat**<br \/>\n- hydratation***<br \/>\n- nutrition*<br \/>\n- relaxation*<\/p>\n<p>1h.....................................................80\u20ac<\/p>\n<p><em>* : Intensit\u00e9 de chaque effet<\/em><\/p>\n<\/div>\n<\/div><\/div><div id=\"panel-81-2-0-2\" class=\"so-panel widget widget_sow-editor panel-last-child\" data-index=\"4\" ><div\n\t\t\t\n\t\t\tclass=\"so-widget-sow-editor so-widget-sow-editor-base\"\n\t\t\t\n\t\t><h3 class=\"widget-title\">Soin Elixir de jeunesse<\/h3>\n<div class=\"siteorigin-widget-tinymce textwidget\">\n\t<p>- \u00e9clat*****<br \/>\n- anti-rides*****<br \/>\n- hydratation*****<br \/>\n- nutrition****<br \/>\n- relaxation *****<\/p>\n<p>1h30.....................................................125\u20ac<\/p>\n<p><em>* : Intensit\u00e9 de chaque effet<\/em><\/p>\n<\/div>\n<\/div><\/div><\/div><div id=\"pgc-81-2-1\"  class=\"panel-grid-cell\" ><div id=\"panel-81-2-1-0\" class=\"so-panel widget widget_sow-editor panel-first-child\" data-index=\"5\" ><div\n\t\t\t\n\t\t\tclass=\"so-widget-sow-editor so-widget-sow-editor-base\"\n\t\t\t\n\t\t><h3 class=\"widget-title\">Soin Booster<\/h3>\n<div class=\"siteorigin-widget-tinymce textwidget\">\n\t<p>- \u00e9clat***<br \/>\n- anti-rides***<br \/>\n- hydratation*****<br \/>\n- nutrition*<br \/>\n- relaxation*<\/p>\n<p>45min.....................................................70\u20ac<br \/>\n<em><br \/>\n* : Intensit\u00e9 de chaque effet<\/em><\/p>\n<\/div>\n<\/div><\/div><div id=\"panel-81-2-1-1\" class=\"so-panel widget widget_sow-editor panel-last-child\" data-index=\"6\" ><div\n\t\t\t\n\t\t\tclass=\"so-widget-sow-editor so-widget-sow-editor-base\"\n\t\t\t\n\t\t><h3 class=\"widget-title\">Soin R\u00e9g\u00e9n\u00e9rant<\/h3>\n<div class=\"siteorigin-widget-tinymce textwidget\">\n\t<p>- \u00e9clat****<br \/>\n- anti-rides****<br \/>\n- hydratation****<br \/>\n- nutrition***<br \/>\n- relaxation***<\/p>\n<p>1h10.....................................................90\u20ac<\/p>\n<p><em>* : Intensit\u00e9 de chaque effet<\/em><\/p>\n<\/div>\n<\/div><\/div><\/div><\/div><\/div><div id=\"pg-81-3\"  class=\"panel-grid panel-no-style\" ><div id=\"pgc-81-3-0\"  class=\"panel-grid-cell\" ><div id=\"panel-81-3-0-0\" class=\"so-panel widget widget_sow-editor panel-first-child panel-last-child\" data-index=\"7\" ><div\n\t\t\t\n\t\t\tclass=\"so-widget-sow-editor so-widget-sow-editor-base\"\n\t\t\t\n\t\t>\n<div class=\"siteorigin-widget-tinymce textwidget\">\n\t<p style=\"text-align: center;\"><span style=\"font-size: 18pt;\"><strong>Soin Bio<\/strong><\/span><\/p>\n<\/div>\n<\/div><\/div><\/div><\/div><div id=\"pg-81-4\"  class=\"panel-grid panel-has-style\" ><div class=\"siteorigin-panels-stretch panel-row-style panel-row-style-for-81-4\" data-stretch-type=\"full\" ><div id=\"pgc-81-4-0\"  class=\"panel-grid-cell panel-grid-cell-mobile-last\" ><div id=\"panel-81-4-0-0\" class=\"so-panel widget widget_sow-editor panel-first-child panel-last-child\" data-index=\"8\" ><div\n\t\t\t\n\t\t\tclass=\"so-widget-sow-editor so-widget-sow-editor-base\"\n\t\t\t\n\t\t><h3 class=\"widget-title\">Soin \u00c9veil des Sens Bio<\/h3>\n<div class=\"siteorigin-widget-tinymce textwidget\">\n\t<p>- \u00e9clat***<br \/>\n- anti-rides****<br \/>\n- hydratation***<br \/>\n- nutrition****<br \/>\n- relaxation *****<\/p>\n<p>1h10.....................................................80\u20ac<\/p>\n<p><em>* : Intensit\u00e9 de chaque effet<\/em><\/p>\n<\/div>\n<\/div><\/div><\/div><div id=\"pgc-81-4-1\"  class=\"panel-grid-cell panel-grid-cell-empty\" ><\/div><\/div><\/div><div id=\"pg-81-5\"  class=\"panel-grid panel-no-style\" ><div id=\"pgc-81-5-0\"  class=\"panel-grid-cell\" ><div id=\"panel-81-5-0-0\" class=\"so-panel widget widget_sow-button panel-first-child panel-last-child\" data-index=\"9\" ><div\n\t\t\t\n\t\t\tclass=\"so-widget-sow-button so-widget-sow-button-flat-f54c0409268f-81\"\n\t\t\t\n\t\t><div class=\"ow-button-base ow-button-align-center\"\n>\n\t\t\t<a\n\t\t\t\t\thref=\"https:\/\/marjorie-ringenbach.com\/?page_id=119\"\n\t\t\t\t\tclass=\"sowb-button ow-icon-placement-left ow-button-hover\" \t>\n\t\t<span>\n\t\t\t\n\t\t\tPrendre RDV\t\t<\/span>\n\t\t\t<\/a>\n\t<\/div>\n<\/div><\/div><\/div><\/div><\/div>","protected":false},"excerpt":{"rendered":"<p>Esth\u00e9ticienne dipl\u00f4m\u00e9e d&rsquo;Etat, je r\u00e9alise mes soins du visage avec la gamme Nu Skin,\u00a0experte en r\u00e9g\u00e9n\u00e9ration cellulaire. Soins Nu Skin<\/p>\n","protected":false},"author":1,"featured_media":961,"parent":63,"menu_order":0,"comment_status":"closed","ping_status":"closed","template":"fullwidth-page.php","meta":{"_exactmetrics_skip_tracking":false,"_exactmetrics_sitenote_active":false,"_exactmetrics_sitenote_note":"","_exactmetrics_sitenote_category":0,"jetpack_post_was_ever_published":false,"footnotes":""},"class_list":["post-81","page","type-page","status-publish","has-post-thumbnail","hentry"],"yoast_head":"<!-- This site is optimized with the Yoast SEO plugin v23.4 - https:\/\/yoast.com\/wordpress\/plugins\/seo\/ -->\n<title>Soin visage - Marjorie Ringenbach<\/title>\n<meta name=\"description\" content=\"Venez profitez d&#039;un moment de bien-\u00eatre tout en prenant soin de votre peau. Je vous propose des soins visage Nu Skin et soin du visage Bio.\" \/>\n<meta name=\"robots\" content=\"index, follow, max-snippet:-1, max-image-preview:large, max-video-preview:-1\" \/>\n<link rel=\"canonical\" href=\"https:\/\/marjorie-ringenbach.com\/?page_id=81\" \/>\n<meta property=\"og:locale\" content=\"fr_FR\" \/>\n<meta property=\"og:type\" content=\"article\" \/>\n<meta property=\"og:title\" content=\"Soin visage - Marjorie Ringenbach\" \/>\n<meta property=\"og:description\" content=\"Venez profitez d&#039;un moment de bien-\u00eatre tout en prenant soin de votre peau. Je vous propose des soins visage Nu Skin et soin du visage Bio.\" \/>\n<meta property=\"og:url\" content=\"https:\/\/marjorie-ringenbach.com\/?page_id=81\" \/>\n<meta property=\"og:site_name\" content=\"Marjorie Ringenbach\" \/>\n<meta property=\"article:modified_time\" content=\"2024-09-13T14:23:57+00:00\" \/>\n<meta property=\"og:image\" content=\"https:\/\/marjorie-ringenbach.com\/wp-content\/uploads\/2023\/11\/Soin-du-visage.jpg\" \/>\n\t<meta property=\"og:image:width\" content=\"1920\" \/>\n\t<meta property=\"og:image:height\" content=\"1441\" \/>\n\t<meta property=\"og:image:type\" content=\"image\/jpeg\" \/>\n<meta name=\"twitter:card\" content=\"summary_large_image\" \/>\n<meta name=\"twitter:label1\" content=\"Dur\u00e9e de lecture estim\u00e9e\" \/>\n\t<meta name=\"twitter:data1\" content=\"1 minute\" \/>\n<script type=\"application\/ld+json\" class=\"yoast-schema-graph\">{\"@context\":\"https:\/\/schema.org\",\"@graph\":[{\"@type\":\"WebPage\",\"@id\":\"https:\/\/marjorie-ringenbach.com\/?page_id=81\",\"url\":\"https:\/\/marjorie-ringenbach.com\/?page_id=81\",\"name\":\"Soin visage - Marjorie Ringenbach\",\"isPartOf\":{\"@id\":\"https:\/\/marjorie-ringenbach.com\/#website\"},\"primaryImageOfPage\":{\"@id\":\"https:\/\/marjorie-ringenbach.com\/?page_id=81#primaryimage\"},\"image\":{\"@id\":\"https:\/\/marjorie-ringenbach.com\/?page_id=81#primaryimage\"},\"thumbnailUrl\":\"https:\/\/i0.wp.com\/marjorie-ringenbach.com\/wp-content\/uploads\/2023\/11\/Soin-du-visage.jpg?fit=1920%2C1441&ssl=1\",\"datePublished\":\"2017-12-01T08:04:50+00:00\",\"dateModified\":\"2024-09-13T14:23:57+00:00\",\"description\":\"Venez profitez d'un moment de bien-\u00eatre tout en prenant soin de votre peau. Je vous propose des soins visage Nu Skin et soin du visage Bio.\",\"breadcrumb\":{\"@id\":\"https:\/\/marjorie-ringenbach.com\/?page_id=81#breadcrumb\"},\"inLanguage\":\"fr-FR\",\"potentialAction\":[{\"@type\":\"ReadAction\",\"target\":[\"https:\/\/marjorie-ringenbach.com\/?page_id=81\"]}]},{\"@type\":\"ImageObject\",\"inLanguage\":\"fr-FR\",\"@id\":\"https:\/\/marjorie-ringenbach.com\/?page_id=81#primaryimage\",\"url\":\"https:\/\/i0.wp.com\/marjorie-ringenbach.com\/wp-content\/uploads\/2023\/11\/Soin-du-visage.jpg?fit=1920%2C1441&ssl=1\",\"contentUrl\":\"https:\/\/i0.wp.com\/marjorie-ringenbach.com\/wp-content\/uploads\/2023\/11\/Soin-du-visage.jpg?fit=1920%2C1441&ssl=1\",\"width\":1920,\"height\":1441,\"caption\":\"Soin visage\"},{\"@type\":\"BreadcrumbList\",\"@id\":\"https:\/\/marjorie-ringenbach.com\/?page_id=81#breadcrumb\",\"itemListElement\":[{\"@type\":\"ListItem\",\"position\":1,\"name\":\"Accueil\",\"item\":\"https:\/\/marjorie-ringenbach.com\/\"},{\"@type\":\"ListItem\",\"position\":2,\"name\":\"Massages\",\"item\":\"https:\/\/marjorie-ringenbach.com\/?page_id=63\"},{\"@type\":\"ListItem\",\"position\":3,\"name\":\"Soin visage\"}]},{\"@type\":\"WebSite\",\"@id\":\"https:\/\/marjorie-ringenbach.com\/#website\",\"url\":\"https:\/\/marjorie-ringenbach.com\/\",\"name\":\"Marjorie Ringenbach\",\"description\":\"\",\"potentialAction\":[{\"@type\":\"SearchAction\",\"target\":{\"@type\":\"EntryPoint\",\"urlTemplate\":\"https:\/\/marjorie-ringenbach.com\/?s={search_term_string}\"},\"query-input\":{\"@type\":\"PropertyValueSpecification\",\"valueRequired\":true,\"valueName\":\"search_term_string\"}}],\"inLanguage\":\"fr-FR\"}]}<\/script>\n<!-- \/ Yoast SEO plugin. -->","yoast_head_json":{"title":"Soin visage - Marjorie Ringenbach","description":"Venez profitez d'un moment de bien-\u00eatre tout en prenant soin de votre peau. Je vous propose des soins visage Nu Skin et soin du visage Bio.","robots":{"index":"index","follow":"follow","max-snippet":"max-snippet:-1","max-image-preview":"max-image-preview:large","max-video-preview":"max-video-preview:-1"},"canonical":"https:\/\/marjorie-ringenbach.com\/?page_id=81","og_locale":"fr_FR","og_type":"article","og_title":"Soin visage - Marjorie Ringenbach","og_description":"Venez profitez d'un moment de bien-\u00eatre tout en prenant soin de votre peau. Je vous propose des soins visage Nu Skin et soin du visage Bio.","og_url":"https:\/\/marjorie-ringenbach.com\/?page_id=81","og_site_name":"Marjorie Ringenbach","article_modified_time":"2024-09-13T14:23:57+00:00","og_image":[{"width":1920,"height":1441,"url":"https:\/\/marjorie-ringenbach.com\/wp-content\/uploads\/2023\/11\/Soin-du-visage.jpg","type":"image\/jpeg"}],"twitter_card":"summary_large_image","twitter_misc":{"Dur\u00e9e de lecture estim\u00e9e":"1 minute"},"schema":{"@context":"https:\/\/schema.org","@graph":[{"@type":"WebPage","@id":"https:\/\/marjorie-ringenbach.com\/?page_id=81","url":"https:\/\/marjorie-ringenbach.com\/?page_id=81","name":"Soin visage - Marjorie Ringenbach","isPartOf":{"@id":"https:\/\/marjorie-ringenbach.com\/#website"},"primaryImageOfPage":{"@id":"https:\/\/marjorie-ringenbach.com\/?page_id=81#primaryimage"},"image":{"@id":"https:\/\/marjorie-ringenbach.com\/?page_id=81#primaryimage"},"thumbnailUrl":"https:\/\/i0.wp.com\/marjorie-ringenbach.com\/wp-content\/uploads\/2023\/11\/Soin-du-visage.jpg?fit=1920%2C1441&ssl=1","datePublished":"2017-12-01T08:04:50+00:00","dateModified":"2024-09-13T14:23:57+00:00","description":"Venez profitez d'un moment de bien-\u00eatre tout en prenant soin de votre peau. Je vous propose des soins visage Nu Skin et soin du visage Bio.","breadcrumb":{"@id":"https:\/\/marjorie-ringenbach.com\/?page_id=81#breadcrumb"},"inLanguage":"fr-FR","potentialAction":[{"@type":"ReadAction","target":["https:\/\/marjorie-ringenbach.com\/?page_id=81"]}]},{"@type":"ImageObject","inLanguage":"fr-FR","@id":"https:\/\/marjorie-ringenbach.com\/?page_id=81#primaryimage","url":"https:\/\/i0.wp.com\/marjorie-ringenbach.com\/wp-content\/uploads\/2023\/11\/Soin-du-visage.jpg?fit=1920%2C1441&ssl=1","contentUrl":"https:\/\/i0.wp.com\/marjorie-ringenbach.com\/wp-content\/uploads\/2023\/11\/Soin-du-visage.jpg?fit=1920%2C1441&ssl=1","width":1920,"height":1441,"caption":"Soin visage"},{"@type":"BreadcrumbList","@id":"https:\/\/marjorie-ringenbach.com\/?page_id=81#breadcrumb","itemListElement":[{"@type":"ListItem","position":1,"name":"Accueil","item":"https:\/\/marjorie-ringenbach.com\/"},{"@type":"ListItem","position":2,"name":"Massages","item":"https:\/\/marjorie-ringenbach.com\/?page_id=63"},{"@type":"ListItem","position":3,"name":"Soin visage"}]},{"@type":"WebSite","@id":"https:\/\/marjorie-ringenbach.com\/#website","url":"https:\/\/marjorie-ringenbach.com\/","name":"Marjorie Ringenbach","description":"","potentialAction":[{"@type":"SearchAction","target":{"@type":"EntryPoint","urlTemplate":"https:\/\/marjorie-ringenbach.com\/?s={search_term_string}"},"query-input":{"@type":"PropertyValueSpecification","valueRequired":true,"valueName":"search_term_string"}}],"inLanguage":"fr-FR"}]}},"jetpack_sharing_enabled":true,"jetpack_shortlink":"https:\/\/wp.me\/P9twVd-1j","jetpack_likes_enabled":true,"_links":{"self":[{"href":"https:\/\/marjorie-ringenbach.com\/index.php?rest_route=\/wp\/v2\/pages\/81","targetHints":{"allow":["GET"]}}],"collection":[{"href":"https:\/\/marjorie-ringenbach.com\/index.php?rest_route=\/wp\/v2\/pages"}],"about":[{"href":"https:\/\/marjorie-ringenbach.com\/index.php?rest_route=\/wp\/v2\/types\/page"}],"author":[{"embeddable":true,"href":"https:\/\/marjorie-ringenbach.com\/index.php?rest_route=\/wp\/v2\/users\/1"}],"replies":[{"embeddable":true,"href":"https:\/\/marjorie-ringenbach.com\/index.php?rest_route=%2Fwp%2Fv2%2Fcomments&post=81"}],"version-history":[{"count":88,"href":"https:\/\/marjorie-ringenbach.com\/index.php?rest_route=\/wp\/v2\/pages\/81\/revisions"}],"predecessor-version":[{"id":1065,"href":"https:\/\/marjorie-ringenbach.com\/index.php?rest_route=\/wp\/v2\/pages\/81\/revisions\/1065"}],"up":[{"embeddable":true,"href":"https:\/\/marjorie-ringenbach.com\/index.php?rest_route=\/wp\/v2\/pages\/63"}],"wp:featuredmedia":[{"embeddable":true,"href":"https:\/\/marjorie-ringenbach.com\/index.php?rest_route=\/wp\/v2\/media\/961"}],"wp:attachment":[{"href":"https:\/\/marjorie-ringenbach.com\/index.php?rest_route=%2Fwp%2Fv2%2Fmedia&parent=81"}],"curies":[{"name":"wp","href":"https:\/\/api.w.org\/{rel}","templated":true}]}}