{"id":935,"date":"2023-11-03T09:48:36","date_gmt":"2023-11-03T08:48:36","guid":{"rendered":"https:\/\/marjorie-ringenbach.com\/?page_id=935"},"modified":"2024-09-13T15:55:56","modified_gmt":"2024-09-13T13:55:56","slug":"bon-cadeau","status":"publish","type":"page","link":"https:\/\/marjorie-ringenbach.com\/?page_id=935","title":{"rendered":"Bon cadeau"},"content":{"rendered":"<p>Commandez vos <strong>bons cadeaux en ligne\u00a0<\/strong>en cliquant sur \u00ab\u00a0offrir\u00a0\u00bb sur<a href=\"https:\/\/marjorie-ringenbach.com\/\"> la page d\u2019accueil <\/a>\u00a0!<\/p>\n<p><a href=\"https:\/\/marjorie-ringenbach.com\/?page_id=119\"><img data-recalc-dims=\"1\" loading=\"lazy\" decoding=\"async\" data-attachment-id=\"1054\" data-permalink=\"https:\/\/marjorie-ringenbach.com\/?attachment_id=1054\" data-orig-file=\"https:\/\/i0.wp.com\/marjorie-ringenbach.com\/wp-content\/uploads\/2024\/09\/Ajouter-un-sous-titre.png?fit=1050%2C600&amp;ssl=1\" data-orig-size=\"1050,600\" data-comments-opened=\"1\" data-image-meta=\"{&quot;aperture&quot;:&quot;0&quot;,&quot;credit&quot;:&quot;&quot;,&quot;camera&quot;:&quot;&quot;,&quot;caption&quot;:&quot;&quot;,&quot;created_timestamp&quot;:&quot;0&quot;,&quot;copyright&quot;:&quot;&quot;,&quot;focal_length&quot;:&quot;0&quot;,&quot;iso&quot;:&quot;0&quot;,&quot;shutter_speed&quot;:&quot;0&quot;,&quot;title&quot;:&quot;&quot;,&quot;orientation&quot;:&quot;0&quot;}\" data-image-title=\"Ajouter un sous-titre\" data-image-description=\"\" data-image-caption=\"\" data-medium-file=\"https:\/\/i0.wp.com\/marjorie-ringenbach.com\/wp-content\/uploads\/2024\/09\/Ajouter-un-sous-titre.png?fit=300%2C171&amp;ssl=1\" data-large-file=\"https:\/\/i0.wp.com\/marjorie-ringenbach.com\/wp-content\/uploads\/2024\/09\/Ajouter-un-sous-titre.png?fit=820%2C468&amp;ssl=1\" tabindex=\"0\" role=\"button\" class=\"alignnone wp-image-1054 size-full\" src=\"https:\/\/i0.wp.com\/marjorie-ringenbach.com\/wp-content\/uploads\/2024\/09\/Ajouter-un-sous-titre.png?resize=820%2C469&#038;ssl=1\" alt=\"\" width=\"820\" height=\"469\" srcset=\"https:\/\/i0.wp.com\/marjorie-ringenbach.com\/wp-content\/uploads\/2024\/09\/Ajouter-un-sous-titre.png?w=1050&amp;ssl=1 1050w, https:\/\/i0.wp.com\/marjorie-ringenbach.com\/wp-content\/uploads\/2024\/09\/Ajouter-un-sous-titre.png?resize=300%2C171&amp;ssl=1 300w, https:\/\/i0.wp.com\/marjorie-ringenbach.com\/wp-content\/uploads\/2024\/09\/Ajouter-un-sous-titre.png?resize=1024%2C585&amp;ssl=1 1024w, https:\/\/i0.wp.com\/marjorie-ringenbach.com\/wp-content\/uploads\/2024\/09\/Ajouter-un-sous-titre.png?resize=768%2C439&amp;ssl=1 768w\" sizes=\"auto, (max-width: 820px) 100vw, 820px\" \/><\/a><\/p>\n<p>Si vous avez besoin d\u2019<strong>un coffret cadeau<\/strong>, envoyez-moi un SMS (06 83 40 07 15) suite \u00e0 votre achat et on conviendra d\u2019un rdv pour le r\u00e9cup\u00e9rer au cabinet.<\/p>\n<p>Tr\u00e8s pratique comme cadeau de derni\u00e8re minute par exemple ou tout simplement pour faire plaisir en toute occasion \ud83c\udf81<\/p>\n<p>Bon Cadeau valable 6 mois.<\/p>\n","protected":false},"excerpt":{"rendered":"<p>Commandez vos bons cadeaux en ligne\u00a0en cliquant sur \u00ab\u00a0offrir\u00a0\u00bb sur la page d\u2019accueil \u00a0! Si vous avez besoin d\u2019un coffret cadeau, envoyez-moi un SMS (06 83 40 07 15) suite \u00e0 votre achat et on conviendra d\u2019un rdv pour le r\u00e9cup\u00e9rer au cabinet. Tr\u00e8s pratique comme cadeau de derni\u00e8re minute par exemple ou tout simplement [&hellip;]<\/p>\n","protected":false},"author":1,"featured_media":0,"parent":0,"menu_order":0,"comment_status":"closed","ping_status":"closed","template":"","meta":{"_exactmetrics_skip_tracking":false,"_exactmetrics_sitenote_active":false,"_exactmetrics_sitenote_note":"","_exactmetrics_sitenote_category":0,"jetpack_post_was_ever_published":false,"footnotes":""},"class_list":["post-935","page","type-page","status-publish","hentry"],"yoast_head":"<!-- This site is optimized with the Yoast SEO plugin v23.4 - https:\/\/yoast.com\/wordpress\/plugins\/seo\/ -->\n<title>Bon cadeau - Marjorie Ringenbach<\/title>\n<meta name=\"robots\" content=\"index, follow, max-snippet:-1, max-image-preview:large, max-video-preview:-1\" \/>\n<link rel=\"canonical\" href=\"https:\/\/marjorie-ringenbach.com\/?page_id=935\" \/>\n<meta property=\"og:locale\" content=\"fr_FR\" \/>\n<meta property=\"og:type\" content=\"article\" \/>\n<meta property=\"og:title\" content=\"Bon cadeau - Marjorie Ringenbach\" \/>\n<meta property=\"og:description\" content=\"Commandez vos bons cadeaux en ligne\u00a0en cliquant sur \u00ab\u00a0offrir\u00a0\u00bb sur la page d\u2019accueil \u00a0! Si vous avez besoin d\u2019un coffret cadeau, envoyez-moi un SMS (06 83 40 07 15) suite \u00e0 votre achat et on conviendra d\u2019un rdv pour le r\u00e9cup\u00e9rer au cabinet. Tr\u00e8s pratique comme cadeau de derni\u00e8re minute par exemple ou tout simplement [&hellip;]\" \/>\n<meta property=\"og:url\" content=\"https:\/\/marjorie-ringenbach.com\/?page_id=935\" \/>\n<meta property=\"og:site_name\" content=\"Marjorie Ringenbach\" \/>\n<meta property=\"article:modified_time\" content=\"2024-09-13T13:55:56+00:00\" \/>\n<meta property=\"og:image\" content=\"https:\/\/marjorie-ringenbach.com\/wp-content\/uploads\/2024\/09\/Ajouter-un-sous-titre.png\" \/>\n<meta name=\"twitter:card\" content=\"summary_large_image\" \/>\n<meta name=\"twitter:label1\" content=\"Dur\u00e9e de lecture estim\u00e9e\" \/>\n\t<meta name=\"twitter:data1\" content=\"1 minute\" \/>\n<script type=\"application\/ld+json\" class=\"yoast-schema-graph\">{\"@context\":\"https:\/\/schema.org\",\"@graph\":[{\"@type\":\"WebPage\",\"@id\":\"https:\/\/marjorie-ringenbach.com\/?page_id=935\",\"url\":\"https:\/\/marjorie-ringenbach.com\/?page_id=935\",\"name\":\"Bon cadeau - Marjorie Ringenbach\",\"isPartOf\":{\"@id\":\"https:\/\/marjorie-ringenbach.com\/#website\"},\"primaryImageOfPage\":{\"@id\":\"https:\/\/marjorie-ringenbach.com\/?page_id=935#primaryimage\"},\"image\":{\"@id\":\"https:\/\/marjorie-ringenbach.com\/?page_id=935#primaryimage\"},\"thumbnailUrl\":\"https:\/\/marjorie-ringenbach.com\/wp-content\/uploads\/2024\/09\/Ajouter-un-sous-titre.png\",\"datePublished\":\"2023-11-03T08:48:36+00:00\",\"dateModified\":\"2024-09-13T13:55:56+00:00\",\"breadcrumb\":{\"@id\":\"https:\/\/marjorie-ringenbach.com\/?page_id=935#breadcrumb\"},\"inLanguage\":\"fr-FR\",\"potentialAction\":[{\"@type\":\"ReadAction\",\"target\":[\"https:\/\/marjorie-ringenbach.com\/?page_id=935\"]}]},{\"@type\":\"ImageObject\",\"inLanguage\":\"fr-FR\",\"@id\":\"https:\/\/marjorie-ringenbach.com\/?page_id=935#primaryimage\",\"url\":\"https:\/\/i0.wp.com\/marjorie-ringenbach.com\/wp-content\/uploads\/2024\/09\/Ajouter-un-sous-titre.png?fit=1050%2C600&ssl=1\",\"contentUrl\":\"https:\/\/i0.wp.com\/marjorie-ringenbach.com\/wp-content\/uploads\/2024\/09\/Ajouter-un-sous-titre.png?fit=1050%2C600&ssl=1\",\"width\":1050,\"height\":600},{\"@type\":\"BreadcrumbList\",\"@id\":\"https:\/\/marjorie-ringenbach.com\/?page_id=935#breadcrumb\",\"itemListElement\":[{\"@type\":\"ListItem\",\"position\":1,\"name\":\"Accueil\",\"item\":\"https:\/\/marjorie-ringenbach.com\/\"},{\"@type\":\"ListItem\",\"position\":2,\"name\":\"Bon cadeau\"}]},{\"@type\":\"WebSite\",\"@id\":\"https:\/\/marjorie-ringenbach.com\/#website\",\"url\":\"https:\/\/marjorie-ringenbach.com\/\",\"name\":\"Marjorie Ringenbach\",\"description\":\"\",\"potentialAction\":[{\"@type\":\"SearchAction\",\"target\":{\"@type\":\"EntryPoint\",\"urlTemplate\":\"https:\/\/marjorie-ringenbach.com\/?s={search_term_string}\"},\"query-input\":{\"@type\":\"PropertyValueSpecification\",\"valueRequired\":true,\"valueName\":\"search_term_string\"}}],\"inLanguage\":\"fr-FR\"}]}<\/script>\n<!-- \/ Yoast SEO plugin. -->","yoast_head_json":{"title":"Bon cadeau - Marjorie Ringenbach","robots":{"index":"index","follow":"follow","max-snippet":"max-snippet:-1","max-image-preview":"max-image-preview:large","max-video-preview":"max-video-preview:-1"},"canonical":"https:\/\/marjorie-ringenbach.com\/?page_id=935","og_locale":"fr_FR","og_type":"article","og_title":"Bon cadeau - Marjorie Ringenbach","og_description":"Commandez vos bons cadeaux en ligne\u00a0en cliquant sur \u00ab\u00a0offrir\u00a0\u00bb sur la page d\u2019accueil \u00a0! Si vous avez besoin d\u2019un coffret cadeau, envoyez-moi un SMS (06 83 40 07 15) suite \u00e0 votre achat et on conviendra d\u2019un rdv pour le r\u00e9cup\u00e9rer au cabinet. Tr\u00e8s pratique comme cadeau de derni\u00e8re minute par exemple ou tout simplement [&hellip;]","og_url":"https:\/\/marjorie-ringenbach.com\/?page_id=935","og_site_name":"Marjorie Ringenbach","article_modified_time":"2024-09-13T13:55:56+00:00","og_image":[{"url":"https:\/\/marjorie-ringenbach.com\/wp-content\/uploads\/2024\/09\/Ajouter-un-sous-titre.png"}],"twitter_card":"summary_large_image","twitter_misc":{"Dur\u00e9e de lecture estim\u00e9e":"1 minute"},"schema":{"@context":"https:\/\/schema.org","@graph":[{"@type":"WebPage","@id":"https:\/\/marjorie-ringenbach.com\/?page_id=935","url":"https:\/\/marjorie-ringenbach.com\/?page_id=935","name":"Bon cadeau - Marjorie Ringenbach","isPartOf":{"@id":"https:\/\/marjorie-ringenbach.com\/#website"},"primaryImageOfPage":{"@id":"https:\/\/marjorie-ringenbach.com\/?page_id=935#primaryimage"},"image":{"@id":"https:\/\/marjorie-ringenbach.com\/?page_id=935#primaryimage"},"thumbnailUrl":"https:\/\/marjorie-ringenbach.com\/wp-content\/uploads\/2024\/09\/Ajouter-un-sous-titre.png","datePublished":"2023-11-03T08:48:36+00:00","dateModified":"2024-09-13T13:55:56+00:00","breadcrumb":{"@id":"https:\/\/marjorie-ringenbach.com\/?page_id=935#breadcrumb"},"inLanguage":"fr-FR","potentialAction":[{"@type":"ReadAction","target":["https:\/\/marjorie-ringenbach.com\/?page_id=935"]}]},{"@type":"ImageObject","inLanguage":"fr-FR","@id":"https:\/\/marjorie-ringenbach.com\/?page_id=935#primaryimage","url":"https:\/\/i0.wp.com\/marjorie-ringenbach.com\/wp-content\/uploads\/2024\/09\/Ajouter-un-sous-titre.png?fit=1050%2C600&ssl=1","contentUrl":"https:\/\/i0.wp.com\/marjorie-ringenbach.com\/wp-content\/uploads\/2024\/09\/Ajouter-un-sous-titre.png?fit=1050%2C600&ssl=1","width":1050,"height":600},{"@type":"BreadcrumbList","@id":"https:\/\/marjorie-ringenbach.com\/?page_id=935#breadcrumb","itemListElement":[{"@type":"ListItem","position":1,"name":"Accueil","item":"https:\/\/marjorie-ringenbach.com\/"},{"@type":"ListItem","position":2,"name":"Bon cadeau"}]},{"@type":"WebSite","@id":"https:\/\/marjorie-ringenbach.com\/#website","url":"https:\/\/marjorie-ringenbach.com\/","name":"Marjorie Ringenbach","description":"","potentialAction":[{"@type":"SearchAction","target":{"@type":"EntryPoint","urlTemplate":"https:\/\/marjorie-ringenbach.com\/?s={search_term_string}"},"query-input":{"@type":"PropertyValueSpecification","valueRequired":true,"valueName":"search_term_string"}}],"inLanguage":"fr-FR"}]}},"jetpack_sharing_enabled":true,"jetpack_shortlink":"https:\/\/wp.me\/P9twVd-f5","jetpack_likes_enabled":true,"_links":{"self":[{"href":"https:\/\/marjorie-ringenbach.com\/index.php?rest_route=\/wp\/v2\/pages\/935","targetHints":{"allow":["GET"]}}],"collection":[{"href":"https:\/\/marjorie-ringenbach.com\/index.php?rest_route=\/wp\/v2\/pages"}],"about":[{"href":"https:\/\/marjorie-ringenbach.com\/index.php?rest_route=\/wp\/v2\/types\/page"}],"author":[{"embeddable":true,"href":"https:\/\/marjorie-ringenbach.com\/index.php?rest_route=\/wp\/v2\/users\/1"}],"replies":[{"embeddable":true,"href":"https:\/\/marjorie-ringenbach.com\/index.php?rest_route=%2Fwp%2Fv2%2Fcomments&post=935"}],"version-history":[{"count":6,"href":"https:\/\/marjorie-ringenbach.com\/index.php?rest_route=\/wp\/v2\/pages\/935\/revisions"}],"predecessor-version":[{"id":1058,"href":"https:\/\/marjorie-ringenbach.com\/index.php?rest_route=\/wp\/v2\/pages\/935\/revisions\/1058"}],"wp:attachment":[{"href":"https:\/\/marjorie-ringenbach.com\/index.php?rest_route=%2Fwp%2Fv2%2Fmedia&parent=935"}],"curies":[{"name":"wp","href":"https:\/\/api.w.org\/{rel}","templated":true}]}}